{"id":1134,"date":"2023-04-24T10:16:46","date_gmt":"2023-04-24T10:16:46","guid":{"rendered":"https:\/\/medicoo.nl\/?page_id=1134"},"modified":"2023-05-07T11:17:00","modified_gmt":"2023-05-07T10:17:00","slug":"digitale-triage","status":"publish","type":"page","link":"https:\/\/medicoo.nl\/de\/digitale-triage\/","title":{"rendered":"Digitale Triage"},"content":{"rendered":"<div data-elementor-type=\"wp-page\" data-elementor-id=\"1134\" class=\"elementor elementor-1134\" data-elementor-post-type=\"page\">\n\t\t\t\t\t\t<section class=\"elementor-section elementor-top-section elementor-element elementor-element-3b58c40 elementor-reverse-mobile elementor-section-boxed elementor-section-height-default elementor-section-height-default\" data-id=\"3b58c40\" data-element_type=\"section\" data-e-type=\"section\">\n\t\t\t\t\t\t<div class=\"elementor-container elementor-column-gap-default\">\n\t\t\t\t\t<div class=\"elementor-column elementor-col-50 elementor-top-column elementor-element elementor-element-890ba39\" data-id=\"890ba39\" data-element_type=\"column\" data-e-type=\"column\">\n\t\t\t<div class=\"elementor-widget-wrap elementor-element-populated\">\n\t\t\t\t\t\t<div class=\"elementor-element elementor-element-0a6ca08 elementor-widget elementor-widget-text-editor\" data-id=\"0a6ca08\" data-element_type=\"widget\" data-e-type=\"widget\" data-widget_type=\"text-editor.default\">\n\t\t\t\t<div class=\"elementor-widget-container\">\n\t\t\t\t\t\t\t\t\t<p>Die Medicoo-App umfasst ein digitales Triagemodul mit mittlerweile \u00fcber 39 Eingangsbeschwerden. Wenn ein Patient den digitalen Triage-Fragebogen vollst\u00e4ndig und korrekt ausf\u00fcllt, hat unser medizinisches Team schneller ein klares Bild von der Art und Dringlichkeit der Beschwerde. Auf diese Weise kann schneller eine individuelle Beratung erfolgen.\u00a0<\/p>\t\t\t\t\t\t\t\t<\/div>\n\t\t\t\t<\/div>\n\t\t\t\t<div class=\"elementor-element elementor-element-262126a elementor-widget elementor-widget-text-editor\" data-id=\"262126a\" data-element_type=\"widget\" data-e-type=\"widget\" data-widget_type=\"text-editor.default\">\n\t\t\t\t<div class=\"elementor-widget-container\">\n\t\t\t\t\t\t\t\t\t<p>Wenn ein Patient den digitalen Triage-Fragebogen vollst\u00e4ndig und korrekt ausf\u00fcllt, hat unser medizinisches Team schneller ein klares Bild von der Art und Dringlichkeit der Beschwerden. Auf diese Weise kann schneller eine individuelle Beratung erfolgen.\u00a0<\/p>\t\t\t\t\t\t\t\t<\/div>\n\t\t\t\t<\/div>\n\t\t\t\t\t<\/div>\n\t\t<\/div>\n\t\t\t\t<div class=\"elementor-column elementor-col-50 elementor-top-column elementor-element elementor-element-0d5c17b\" data-id=\"0d5c17b\" data-element_type=\"column\" data-e-type=\"column\">\n\t\t\t<div class=\"elementor-widget-wrap elementor-element-populated\">\n\t\t\t\t\t\t<div class=\"elementor-element elementor-element-da29cee elementor-widget elementor-widget-image\" data-id=\"da29cee\" data-element_type=\"widget\" data-e-type=\"widget\" data-widget_type=\"image.default\">\n\t\t\t\t<div class=\"elementor-widget-container\">\n\t\t\t\t\t\t\t\t\t\t\t\t\t\t\t<img fetchpriority=\"high\" decoding=\"async\" width=\"800\" height=\"534\" src=\"https:\/\/medicoo.nl\/wp-content\/uploads\/2023\/05\/digitale-triage-1024x683.jpg\" class=\"attachment-large size-large wp-image-1422\" alt=\"\" srcset=\"https:\/\/medicoo.nl\/wp-content\/uploads\/2023\/05\/digitale-triage-1024x683.jpg 1024w, https:\/\/medicoo.nl\/wp-content\/uploads\/2023\/05\/digitale-triage-300x200.jpg 300w, https:\/\/medicoo.nl\/wp-content\/uploads\/2023\/05\/digitale-triage-768x512.jpg 768w, https:\/\/medicoo.nl\/wp-content\/uploads\/2023\/05\/digitale-triage-18x12.jpg 18w, https:\/\/medicoo.nl\/wp-content\/uploads\/2023\/05\/digitale-triage.jpg 1200w\" sizes=\"(max-width: 800px) 100vw, 800px\" \/>\t\t\t\t\t\t\t\t\t\t\t\t\t\t\t<\/div>\n\t\t\t\t<\/div>\n\t\t\t\t\t<\/div>\n\t\t<\/div>\n\t\t\t\t\t<\/div>\n\t\t<\/section>\n\t\t\t\t<section class=\"elementor-section elementor-top-section elementor-element elementor-element-0de4465 elementor-section-boxed elementor-section-height-default elementor-section-height-default\" data-id=\"0de4465\" data-element_type=\"section\" data-e-type=\"section\">\n\t\t\t\t\t\t<div class=\"elementor-container elementor-column-gap-default\">\n\t\t\t\t\t<div class=\"elementor-column elementor-col-100 elementor-top-column elementor-element elementor-element-2e800a4\" data-id=\"2e800a4\" data-element_type=\"column\" data-e-type=\"column\">\n\t\t\t<div class=\"elementor-widget-wrap elementor-element-populated\">\n\t\t\t\t\t\t<div class=\"elementor-element elementor-element-f024d8d elementor-arrows-position-outside elementor-widget elementor-widget-image-carousel\" data-id=\"f024d8d\" data-element_type=\"widget\" data-e-type=\"widget\" data-settings=\"{&quot;slides_to_show&quot;:&quot;4&quot;,&quot;slides_to_scroll&quot;:&quot;2&quot;,&quot;navigation&quot;:&quot;arrows&quot;,&quot;slides_to_show_mobile&quot;:&quot;1&quot;,&quot;autoplay&quot;:&quot;yes&quot;,&quot;pause_on_hover&quot;:&quot;yes&quot;,&quot;pause_on_interaction&quot;:&quot;yes&quot;,&quot;autoplay_speed&quot;:5000,&quot;infinite&quot;:&quot;yes&quot;,&quot;speed&quot;:500}\" data-widget_type=\"image-carousel.default\">\n\t\t\t\t<div class=\"elementor-widget-container\">\n\t\t\t\t\t\t\t<div class=\"elementor-image-carousel-wrapper swiper\" role=\"region\" aria-roledescription=\"carousel\" aria-label=\"Bild-Karussell\" dir=\"ltr\">\n\t\t\t<div class=\"elementor-image-carousel swiper-wrapper\" aria-live=\"off\">\n\t\t\t\t\t\t\t\t<div class=\"swiper-slide\" role=\"group\" aria-roledescription=\"slide\" aria-label=\"1 of 5\" data-no-translation-aria-label=\"\"><figure class=\"swiper-slide-inner\"><img decoding=\"async\" class=\"swiper-slide-image\" src=\"https:\/\/medicoo.nl\/wp-content\/uploads\/2023\/05\/Telefoon-mockup_digitale-traige1.png\" alt=\"Stap 1 van 5\" \/><\/figure><\/div><div class=\"swiper-slide\" role=\"group\" aria-roledescription=\"slide\" aria-label=\"2 of 5\" data-no-translation-aria-label=\"\"><figure class=\"swiper-slide-inner\"><img decoding=\"async\" class=\"swiper-slide-image\" src=\"https:\/\/medicoo.nl\/wp-content\/uploads\/2023\/05\/Telefoon-mockup_digitale-traige2.png\" alt=\"Stap 2 van 5\" \/><\/figure><\/div><div class=\"swiper-slide\" role=\"group\" aria-roledescription=\"slide\" aria-label=\"3 of 5\" data-no-translation-aria-label=\"\"><figure class=\"swiper-slide-inner\"><img decoding=\"async\" class=\"swiper-slide-image\" src=\"https:\/\/medicoo.nl\/wp-content\/uploads\/2023\/05\/Telefoon-mockup_digitale-traige7-4.png\" alt=\"Stap 3 van 5\" \/><\/figure><\/div><div class=\"swiper-slide\" role=\"group\" aria-roledescription=\"slide\" aria-label=\"4 of 5\" data-no-translation-aria-label=\"\"><figure class=\"swiper-slide-inner\"><img decoding=\"async\" class=\"swiper-slide-image\" src=\"https:\/\/medicoo.nl\/wp-content\/uploads\/2023\/05\/Telefoon-mockup_digitale-traige5.png\" alt=\"Stap 4 van 5\" \/><\/figure><\/div><div class=\"swiper-slide\" role=\"group\" aria-roledescription=\"slide\" aria-label=\"5 of 5\" data-no-translation-aria-label=\"\"><figure class=\"swiper-slide-inner\"><img decoding=\"async\" class=\"swiper-slide-image\" src=\"https:\/\/medicoo.nl\/wp-content\/uploads\/2023\/05\/Telefoon-mockup_digitale-traige3.png\" alt=\"Stap 5 van 5\" \/><\/figure><\/div>\t\t\t<\/div>\n\t\t\t\t\t\t\t\t\t\t\t\t<div class=\"elementor-swiper-button elementor-swiper-button-prev\" role=\"button\" tabindex=\"0\">\n\t\t\t\t\t\t<i aria-hidden=\"true\" class=\"eicon-chevron-left\"><\/i>\t\t\t\t\t<\/div>\n\t\t\t\t\t<div class=\"elementor-swiper-button elementor-swiper-button-next\" role=\"button\" tabindex=\"0\">\n\t\t\t\t\t\t<i aria-hidden=\"true\" class=\"eicon-chevron-right\"><\/i>\t\t\t\t\t<\/div>\n\t\t\t\t\n\t\t\t\t\t\t\t\t\t<\/div>\n\t\t\t\t\t\t<\/div>\n\t\t\t\t<\/div>\n\t\t\t\t\t<\/div>\n\t\t<\/div>\n\t\t\t\t\t<\/div>\n\t\t<\/section>\n\t\t\t\t<\/div>","protected":false},"excerpt":{"rendered":"<p>De Medicoo app bevat een digitale triage module met inmiddels ruim 39 ingangsklachten. Wanneer een pati\u00ebnt de digitale triage vragenlijst volledig en correct invult, heeft ons medisch team sneller een duidelijk beeld van de aard en urgentie van de klacht. Op die manier kan er sneller een persoonlijk advies gegeven worden.\u00a0 Wanneer een pati\u00ebnt de [&hellip;]<\/p>\n","protected":false},"author":2,"featured_media":0,"parent":0,"menu_order":0,"comment_status":"closed","ping_status":"closed","template":"","meta":{"footnotes":""},"class_list":["post-1134","page","type-page","status-publish","hentry"],"_links":{"self":[{"href":"https:\/\/medicoo.nl\/de\/wp-json\/wp\/v2\/pages\/1134","targetHints":{"allow":["GET"]}}],"collection":[{"href":"https:\/\/medicoo.nl\/de\/wp-json\/wp\/v2\/pages"}],"about":[{"href":"https:\/\/medicoo.nl\/de\/wp-json\/wp\/v2\/types\/page"}],"author":[{"embeddable":true,"href":"https:\/\/medicoo.nl\/de\/wp-json\/wp\/v2\/users\/2"}],"replies":[{"embeddable":true,"href":"https:\/\/medicoo.nl\/de\/wp-json\/wp\/v2\/comments?post=1134"}],"version-history":[{"count":50,"href":"https:\/\/medicoo.nl\/de\/wp-json\/wp\/v2\/pages\/1134\/revisions"}],"predecessor-version":[{"id":2786,"href":"https:\/\/medicoo.nl\/de\/wp-json\/wp\/v2\/pages\/1134\/revisions\/2786"}],"wp:attachment":[{"href":"https:\/\/medicoo.nl\/de\/wp-json\/wp\/v2\/media?parent=1134"}],"curies":[{"name":"wp","href":"https:\/\/api.w.org\/{rel}","templated":true}]}}