{"id":1146,"date":"2023-04-24T10:19:38","date_gmt":"2023-04-24T10:19:38","guid":{"rendered":"https:\/\/medicoo.nl\/?page_id=1146"},"modified":"2023-05-05T20:04:12","modified_gmt":"2023-05-05T19:04:12","slug":"meertaligheid","status":"publish","type":"page","link":"https:\/\/medicoo.nl\/de\/meertaligheid\/","title":{"rendered":"Mehrsprachigkeit"},"content":{"rendered":"<div data-elementor-type=\"wp-page\" data-elementor-id=\"1146\" class=\"elementor elementor-1146\" data-elementor-post-type=\"page\">\n\t\t\t\t\t\t<section class=\"elementor-section elementor-top-section elementor-element elementor-element-92e76e0 elementor-reverse-mobile elementor-section-boxed elementor-section-height-default elementor-section-height-default\" data-id=\"92e76e0\" data-element_type=\"section\" data-e-type=\"section\">\n\t\t\t\t\t\t<div class=\"elementor-container elementor-column-gap-default\">\n\t\t\t\t\t<div class=\"elementor-column elementor-col-50 elementor-top-column elementor-element elementor-element-3d3fb9d\" data-id=\"3d3fb9d\" data-element_type=\"column\" data-e-type=\"column\">\n\t\t\t<div class=\"elementor-widget-wrap elementor-element-populated\">\n\t\t\t\t\t\t<div class=\"elementor-element elementor-element-0a6ca08 elementor-widget elementor-widget-text-editor\" data-id=\"0a6ca08\" data-element_type=\"widget\" data-e-type=\"widget\" data-widget_type=\"text-editor.default\">\n\t\t\t\t<div class=\"elementor-widget-container\">\n\t\t\t\t\t\t\t\t\t<p>Jede Pflegeanfrage wird von unserem medizinischen Team pers\u00f6nlich beantwortet.<\/p>\t\t\t\t\t\t\t\t<\/div>\n\t\t\t\t<\/div>\n\t\t\t\t<div class=\"elementor-element elementor-element-262126a elementor-widget elementor-widget-text-editor\" data-id=\"262126a\" data-element_type=\"widget\" data-e-type=\"widget\" data-widget_type=\"text-editor.default\">\n\t\t\t\t<div class=\"elementor-widget-container\">\n\t\t\t\t\t\t\t\t\t<p>Durch die zus\u00e4tzliche automatische \u00dcbersetzung k\u00f6nnen sowohl Patienten als auch Gesundheitsdienstleister in der App in ihrer eigenen Sprache kommunizieren. Dies macht die App noch zug\u00e4nglicher und benutzerfreundlicher f\u00fcr G\u00e4ste, wie zum Beispiel Fl\u00fcchtlinge, die Medicoo in den Niederlanden nutzen.<\/p>\t\t\t\t\t\t\t\t<\/div>\n\t\t\t\t<\/div>\n\t\t\t\t\t<\/div>\n\t\t<\/div>\n\t\t\t\t<div class=\"elementor-column elementor-col-50 elementor-top-column elementor-element elementor-element-203c838\" data-id=\"203c838\" data-element_type=\"column\" data-e-type=\"column\">\n\t\t\t<div class=\"elementor-widget-wrap elementor-element-populated\">\n\t\t\t\t\t\t<div class=\"elementor-element elementor-element-e7872f4 elementor-widget elementor-widget-image\" data-id=\"e7872f4\" data-element_type=\"widget\" data-e-type=\"widget\" data-widget_type=\"image.default\">\n\t\t\t\t<div class=\"elementor-widget-container\">\n\t\t\t\t\t\t\t\t\t\t\t\t\t\t\t<img fetchpriority=\"high\" decoding=\"async\" width=\"800\" height=\"534\" src=\"https:\/\/medicoo.nl\/wp-content\/uploads\/2023\/05\/Duits-chatbericht-1024x683.jpg\" class=\"attachment-large size-large wp-image-1458\" alt=\"\" srcset=\"https:\/\/medicoo.nl\/wp-content\/uploads\/2023\/05\/Duits-chatbericht-1024x683.jpg 1024w, https:\/\/medicoo.nl\/wp-content\/uploads\/2023\/05\/Duits-chatbericht-300x200.jpg 300w, https:\/\/medicoo.nl\/wp-content\/uploads\/2023\/05\/Duits-chatbericht-768x512.jpg 768w, https:\/\/medicoo.nl\/wp-content\/uploads\/2023\/05\/Duits-chatbericht-18x12.jpg 18w, https:\/\/medicoo.nl\/wp-content\/uploads\/2023\/05\/Duits-chatbericht.jpg 1200w\" sizes=\"(max-width: 800px) 100vw, 800px\" \/>\t\t\t\t\t\t\t\t\t\t\t\t\t\t\t<\/div>\n\t\t\t\t<\/div>\n\t\t\t\t\t<\/div>\n\t\t<\/div>\n\t\t\t\t\t<\/div>\n\t\t<\/section>\n\t\t\t\t<\/div>","protected":false},"excerpt":{"rendered":"<p>Jede Frage zur Pflege wird von unserem medizinischen Team pers\u00f6nlich beantwortet. Durch die zus\u00e4tzliche automatische \u00dcbersetzung k\u00f6nnen sowohl Patienten als auch Gesundheitsdienstleister in der App in ihrer eigenen Sprache kommunizieren. Dies macht die App noch zug\u00e4nglicher und benutzerfreundlicher f\u00fcr G\u00e4ste, wie zum Beispiel Fl\u00fcchtlinge, die Medicoo in den Niederlanden nutzen.<\/p>","protected":false},"author":2,"featured_media":0,"parent":0,"menu_order":0,"comment_status":"closed","ping_status":"closed","template":"","meta":{"footnotes":""},"class_list":["post-1146","page","type-page","status-publish","hentry"],"_links":{"self":[{"href":"https:\/\/medicoo.nl\/de\/wp-json\/wp\/v2\/pages\/1146","targetHints":{"allow":["GET"]}}],"collection":[{"href":"https:\/\/medicoo.nl\/de\/wp-json\/wp\/v2\/pages"}],"about":[{"href":"https:\/\/medicoo.nl\/de\/wp-json\/wp\/v2\/types\/page"}],"author":[{"embeddable":true,"href":"https:\/\/medicoo.nl\/de\/wp-json\/wp\/v2\/users\/2"}],"replies":[{"embeddable":true,"href":"https:\/\/medicoo.nl\/de\/wp-json\/wp\/v2\/comments?post=1146"}],"version-history":[{"count":13,"href":"https:\/\/medicoo.nl\/de\/wp-json\/wp\/v2\/pages\/1146\/revisions"}],"predecessor-version":[{"id":2556,"href":"https:\/\/medicoo.nl\/de\/wp-json\/wp\/v2\/pages\/1146\/revisions\/2556"}],"wp:attachment":[{"href":"https:\/\/medicoo.nl\/de\/wp-json\/wp\/v2\/media?parent=1146"}],"curies":[{"name":"wp","href":"https:\/\/api.w.org\/{rel}","templated":true}]}}