{"id":1151,"date":"2023-04-24T10:20:30","date_gmt":"2023-04-24T10:20:30","guid":{"rendered":"https:\/\/medicoo.nl\/?page_id=1151"},"modified":"2023-05-22T12:00:54","modified_gmt":"2023-05-22T10:00:54","slug":"wie-zijn-wij","status":"publish","type":"page","link":"https:\/\/medicoo.nl\/de\/wie-zijn-wij\/","title":{"rendered":"Wer wir sind"},"content":{"rendered":"<div data-elementor-type=\"wp-page\" data-elementor-id=\"1151\" class=\"elementor elementor-1151\" data-elementor-post-type=\"page\">\n\t\t\t\t\t\t<section class=\"elementor-section elementor-top-section elementor-element elementor-element-f64ac24 elementor-section-boxed elementor-section-height-default elementor-section-height-default\" data-id=\"f64ac24\" data-element_type=\"section\" data-e-type=\"section\" data-settings=\"{&quot;background_background&quot;:&quot;classic&quot;}\">\n\t\t\t\t\t\t<div class=\"elementor-container elementor-column-gap-default\">\n\t\t\t\t\t<div class=\"elementor-column elementor-col-100 elementor-top-column elementor-element elementor-element-16a671f\" data-id=\"16a671f\" data-element_type=\"column\" data-e-type=\"column\">\n\t\t\t<div class=\"elementor-widget-wrap elementor-element-populated\">\n\t\t\t\t\t\t<div class=\"elementor-element elementor-element-03119bc elementor-widget elementor-widget-heading\" data-id=\"03119bc\" data-element_type=\"widget\" data-e-type=\"widget\" data-widget_type=\"heading.default\">\n\t\t\t\t<div class=\"elementor-widget-container\">\n\t\t\t\t\t<h1 class=\"elementor-heading-title elementor-size-default\">Wer sind <span style=\"color:#2ED9C3\">wir<\/span><\/h1>\t\t\t\t<\/div>\n\t\t\t\t<\/div>\n\t\t\t\t<div class=\"elementor-element elementor-element-99e890e elementor-widget elementor-widget-text-editor\" data-id=\"99e890e\" data-element_type=\"widget\" data-e-type=\"widget\" data-widget_type=\"text-editor.default\">\n\t\t\t\t<div class=\"elementor-widget-container\">\n\t\t\t\t\t\t\t\t\t<p>Medicoo ist einer der Dienste von <a href=\"https:\/\/medicinfo.nl\/\">Arzneimittelinfo<\/a>. Mit jahrelanger Erfahrung und einem Team aus medizinischen Fachleuten und Softwareexperten entwickelt Medicinfo Gesundheitsinnovationen f\u00fcr eine zukunftssichere und personalisierte Versorgung. Damit tr\u00e4gt die Gesundheitsorganisation dazu bei, die Gesundheitsversorgung zug\u00e4nglich und pers\u00f6nlich zu halten.<\/p>\t\t\t\t\t\t\t\t<\/div>\n\t\t\t\t<\/div>\n\t\t\t\t\t<\/div>\n\t\t<\/div>\n\t\t\t\t\t<\/div>\n\t\t<\/section>\n\t\t\t\t<section class=\"elementor-section elementor-top-section elementor-element elementor-element-b2f0c84 elementor-reverse-mobile elementor-section-boxed elementor-section-height-default elementor-section-height-default\" data-id=\"b2f0c84\" data-element_type=\"section\" data-e-type=\"section\">\n\t\t\t\t\t\t<div class=\"elementor-container elementor-column-gap-default\">\n\t\t\t\t\t<div class=\"elementor-column elementor-col-50 elementor-top-column elementor-element elementor-element-97ad6ea\" data-id=\"97ad6ea\" data-element_type=\"column\" data-e-type=\"column\">\n\t\t\t<div class=\"elementor-widget-wrap elementor-element-populated\">\n\t\t\t\t\t\t<div class=\"elementor-element elementor-element-a566cf2 elementor-widget elementor-widget-text-editor\" data-id=\"a566cf2\" data-element_type=\"widget\" data-e-type=\"widget\" data-widget_type=\"text-editor.default\">\n\t\t\t\t<div class=\"elementor-widget-container\">\n\t\t\t\t\t\t\t\t\t<p>Die <a href=\"https:\/\/medicoo.nl\/de\/hoe-werkt-medicoo\/\">Medicoo-App<\/a> wurde 2020 eingef\u00fchrt, um die Versorgung von NONIs (nicht namentlich genannten Patienten) in Zeeland zu unterst\u00fctzen. Medicoo hat sich seitdem zu einer Einstiegsl\u00f6sung entwickelt, die Hausarztpraxen und -stellen in den Niederlanden dabei unterst\u00fctzt, die Arbeitsbelastung zu verringern und die Zug\u00e4nglichkeit zu verbessern.<\/p><p>Die App ist auch als kundenspezifischer Service im Stil der jeweiligen Gesundheitsorganisation erh\u00e4ltlich.<\/p>\t\t\t\t\t\t\t\t<\/div>\n\t\t\t\t<\/div>\n\t\t\t\t\t<\/div>\n\t\t<\/div>\n\t\t\t\t<div class=\"elementor-column elementor-col-50 elementor-top-column elementor-element elementor-element-12afa86\" data-id=\"12afa86\" data-element_type=\"column\" data-e-type=\"column\">\n\t\t\t<div class=\"elementor-widget-wrap elementor-element-populated\">\n\t\t\t\t\t\t<div class=\"elementor-element elementor-element-6cf3db2 elementor-widget elementor-widget-image\" data-id=\"6cf3db2\" data-element_type=\"widget\" data-e-type=\"widget\" data-widget_type=\"image.default\">\n\t\t\t\t<div class=\"elementor-widget-container\">\n\t\t\t\t\t\t\t\t\t\t\t\t\t\t\t<img fetchpriority=\"high\" decoding=\"async\" width=\"800\" height=\"534\" src=\"https:\/\/medicoo.nl\/wp-content\/uploads\/2023\/05\/Wie-zijn-wij-1024x683.jpg\" class=\"attachment-large size-large wp-image-1446\" alt=\"\" srcset=\"https:\/\/medicoo.nl\/wp-content\/uploads\/2023\/05\/Wie-zijn-wij-1024x683.jpg 1024w, https:\/\/medicoo.nl\/wp-content\/uploads\/2023\/05\/Wie-zijn-wij-300x200.jpg 300w, https:\/\/medicoo.nl\/wp-content\/uploads\/2023\/05\/Wie-zijn-wij-768x512.jpg 768w, https:\/\/medicoo.nl\/wp-content\/uploads\/2023\/05\/Wie-zijn-wij-18x12.jpg 18w, https:\/\/medicoo.nl\/wp-content\/uploads\/2023\/05\/Wie-zijn-wij.jpg 1500w\" sizes=\"(max-width: 800px) 100vw, 800px\" \/>\t\t\t\t\t\t\t\t\t\t\t\t\t\t\t<\/div>\n\t\t\t\t<\/div>\n\t\t\t\t\t<\/div>\n\t\t<\/div>\n\t\t\t\t\t<\/div>\n\t\t<\/section>\n\t\t\t\t<\/div>","protected":false},"excerpt":{"rendered":"<p>Wie zijn wij Medicoo is \u00e9\u00e9n van de diensten van Medicinfo. Met jarenlange ervaring en een team van medisch professionals en software experts ontwikkelt Medicinfo zorginnovaties voor toekomstbestendige en persoonlijke zorg. Daarmee draagt de zorgorganisatie bij aan het toegankelijk en persoonlijk houden van zorg. De Medicoo app werd in 2020 gelanceerd om de zorg voor [&hellip;]<\/p>\n","protected":false},"author":2,"featured_media":0,"parent":0,"menu_order":0,"comment_status":"closed","ping_status":"closed","template":"elementor_header_footer","meta":{"footnotes":""},"class_list":["post-1151","page","type-page","status-publish","hentry"],"_links":{"self":[{"href":"https:\/\/medicoo.nl\/de\/wp-json\/wp\/v2\/pages\/1151","targetHints":{"allow":["GET"]}}],"collection":[{"href":"https:\/\/medicoo.nl\/de\/wp-json\/wp\/v2\/pages"}],"about":[{"href":"https:\/\/medicoo.nl\/de\/wp-json\/wp\/v2\/types\/page"}],"author":[{"embeddable":true,"href":"https:\/\/medicoo.nl\/de\/wp-json\/wp\/v2\/users\/2"}],"replies":[{"embeddable":true,"href":"https:\/\/medicoo.nl\/de\/wp-json\/wp\/v2\/comments?post=1151"}],"version-history":[{"count":42,"href":"https:\/\/medicoo.nl\/de\/wp-json\/wp\/v2\/pages\/1151\/revisions"}],"predecessor-version":[{"id":2899,"href":"https:\/\/medicoo.nl\/de\/wp-json\/wp\/v2\/pages\/1151\/revisions\/2899"}],"wp:attachment":[{"href":"https:\/\/medicoo.nl\/de\/wp-json\/wp\/v2\/media?parent=1151"}],"curies":[{"name":"wp","href":"https:\/\/api.w.org\/{rel}","templated":true}]}}