{"id":1190,"date":"2023-04-24T11:22:15","date_gmt":"2023-04-24T11:22:15","guid":{"rendered":"https:\/\/medicoo.nl\/?page_id=1190"},"modified":"2023-05-05T20:12:45","modified_gmt":"2023-05-05T19:12:45","slug":"medisch-team","status":"publish","type":"page","link":"https:\/\/medicoo.nl\/de\/medisch-team\/","title":{"rendered":"Medizinisches Team"},"content":{"rendered":"<div data-elementor-type=\"wp-page\" data-elementor-id=\"1190\" class=\"elementor elementor-1190\" data-elementor-post-type=\"page\">\n\t\t\t\t\t\t<section class=\"elementor-section elementor-top-section elementor-element elementor-element-7ec0600 elementor-section-boxed elementor-section-height-default elementor-section-height-default\" data-id=\"7ec0600\" data-element_type=\"section\" data-e-type=\"section\" data-settings=\"{&quot;background_background&quot;:&quot;classic&quot;}\">\n\t\t\t\t\t\t<div class=\"elementor-container elementor-column-gap-default\">\n\t\t\t\t\t<div class=\"elementor-column elementor-col-100 elementor-top-column elementor-element elementor-element-7073b86\" data-id=\"7073b86\" data-element_type=\"column\" data-e-type=\"column\">\n\t\t\t<div class=\"elementor-widget-wrap elementor-element-populated\">\n\t\t\t\t\t\t<div class=\"elementor-element elementor-element-243736b elementor-widget elementor-widget-heading\" data-id=\"243736b\" data-element_type=\"widget\" data-e-type=\"widget\" data-widget_type=\"heading.default\">\n\t\t\t\t<div class=\"elementor-widget-container\">\n\t\t\t\t\t<h1 class=\"elementor-heading-title elementor-size-default\">Medizinische <span style=\"color:#2ED9C3\">Team<\/span><\/h1>\t\t\t\t<\/div>\n\t\t\t\t<\/div>\n\t\t\t\t<div class=\"elementor-element elementor-element-76761ff elementor-widget elementor-widget-text-editor\" data-id=\"76761ff\" data-element_type=\"widget\" data-e-type=\"widget\" data-widget_type=\"text-editor.default\">\n\t\t\t\t<div class=\"elementor-widget-container\">\n\t\t\t\t\t\t\t\t\t<p>Unser medizinisches Team besteht aus BIG-registrierten Krankenschwestern und -pflegern, Fach\u00e4rzten und Haus\u00e4rzten, die \u00fcber jahrelange Erfahrung in der digitalen Pflege verf\u00fcgen.\u00a0<\/p>\t\t\t\t\t\t\t\t<\/div>\n\t\t\t\t<\/div>\n\t\t\t\t\t<\/div>\n\t\t<\/div>\n\t\t\t\t\t<\/div>\n\t\t<\/section>\n\t\t\t\t<section class=\"elementor-section elementor-top-section elementor-element elementor-element-f008d5c elementor-reverse-mobile elementor-section-boxed elementor-section-height-default elementor-section-height-default\" data-id=\"f008d5c\" data-element_type=\"section\" data-e-type=\"section\" data-settings=\"{&quot;background_background&quot;:&quot;classic&quot;}\">\n\t\t\t\t\t\t<div class=\"elementor-container elementor-column-gap-default\">\n\t\t\t\t\t<div class=\"elementor-column elementor-col-50 elementor-top-column elementor-element elementor-element-7dcc130\" data-id=\"7dcc130\" data-element_type=\"column\" data-e-type=\"column\">\n\t\t\t<div class=\"elementor-widget-wrap elementor-element-populated\">\n\t\t\t\t\t\t<div class=\"elementor-element elementor-element-c5e6ce7 elementor-widget elementor-widget-heading\" data-id=\"c5e6ce7\" data-element_type=\"widget\" data-e-type=\"widget\" data-widget_type=\"heading.default\">\n\t\t\t\t<div class=\"elementor-widget-container\">\n\t\t\t\t\t<h2 class=\"elementor-heading-title elementor-size-default\">Krankenschwestern<\/h2>\t\t\t\t<\/div>\n\t\t\t\t<\/div>\n\t\t\t\t<div class=\"elementor-element elementor-element-eef1a5c elementor-widget elementor-widget-text-editor\" data-id=\"eef1a5c\" data-element_type=\"widget\" data-e-type=\"widget\" data-widget_type=\"text-editor.default\">\n\t\t\t\t<div class=\"elementor-widget-container\">\n\t\t\t\t\t\t\t\t\t<p>Unsere Krankenschwestern sind die erste Anlaufstelle f\u00fcr Menschen mit gesundheitlichen Problemen. Sie f\u00fchren die Triage nach professionellen Standards und Protokollen durch. Dank ihrer intensiven Ausbildung in Kommunikations- und Gespr\u00e4chstechniken helfen sie dem Kunden auf pers\u00f6nliche Weise und f\u00f6rdern gleichzeitig die Selbstbestimmung und Eigenverantwortung. Durch das Stellen der richtigen Fragen wird sofort eine L\u00f6sung angeboten oder eine \u00dcberweisung an einen (Online-)Haus- oder Facharzt vorgenommen.<\/p><p>Unser Team besteht aus A-Krankenschwestern, die auf HBO-Niveau ausgebildet sind. Sie alle haben eine BIG-Registrierung.<\/p>\t\t\t\t\t\t\t\t<\/div>\n\t\t\t\t<\/div>\n\t\t\t\t\t<\/div>\n\t\t<\/div>\n\t\t\t\t<div class=\"elementor-column elementor-col-50 elementor-top-column elementor-element elementor-element-c3fb03a\" data-id=\"c3fb03a\" data-element_type=\"column\" data-e-type=\"column\">\n\t\t\t<div class=\"elementor-widget-wrap elementor-element-populated\">\n\t\t\t\t\t\t<div class=\"elementor-element elementor-element-e8e4887 elementor-widget elementor-widget-image\" data-id=\"e8e4887\" data-element_type=\"widget\" data-e-type=\"widget\" data-widget_type=\"image.default\">\n\t\t\t\t<div class=\"elementor-widget-container\">\n\t\t\t\t\t\t\t\t\t\t\t\t\t\t\t<img fetchpriority=\"high\" decoding=\"async\" width=\"800\" height=\"534\" src=\"https:\/\/medicoo.nl\/wp-content\/uploads\/2023\/04\/Verpleegkundigen-1024x683.webp\" class=\"attachment-large size-large wp-image-1196\" alt=\"\" srcset=\"https:\/\/medicoo.nl\/wp-content\/uploads\/2023\/04\/Verpleegkundigen-1024x683.webp 1024w, https:\/\/medicoo.nl\/wp-content\/uploads\/2023\/04\/Verpleegkundigen-300x200.webp 300w, https:\/\/medicoo.nl\/wp-content\/uploads\/2023\/04\/Verpleegkundigen-768x512.webp 768w, https:\/\/medicoo.nl\/wp-content\/uploads\/2023\/04\/Verpleegkundigen-18x12.webp 18w, https:\/\/medicoo.nl\/wp-content\/uploads\/2023\/04\/Verpleegkundigen.webp 1500w\" sizes=\"(max-width: 800px) 100vw, 800px\" \/>\t\t\t\t\t\t\t\t\t\t\t\t\t\t\t<\/div>\n\t\t\t\t<\/div>\n\t\t\t\t\t<\/div>\n\t\t<\/div>\n\t\t\t\t\t<\/div>\n\t\t<\/section>\n\t\t\t\t<section class=\"elementor-section elementor-top-section elementor-element elementor-element-f4461ab elementor-section-boxed elementor-section-height-default elementor-section-height-default\" data-id=\"f4461ab\" data-element_type=\"section\" data-e-type=\"section\" data-settings=\"{&quot;background_background&quot;:&quot;classic&quot;}\">\n\t\t\t\t\t\t<div class=\"elementor-container elementor-column-gap-default\">\n\t\t\t\t\t<div class=\"elementor-column elementor-col-50 elementor-top-column elementor-element elementor-element-a5a789e\" data-id=\"a5a789e\" data-element_type=\"column\" data-e-type=\"column\">\n\t\t\t<div class=\"elementor-widget-wrap elementor-element-populated\">\n\t\t\t\t\t\t<div class=\"elementor-element elementor-element-991e0b4 elementor-widget elementor-widget-image\" data-id=\"991e0b4\" data-element_type=\"widget\" data-e-type=\"widget\" data-widget_type=\"image.default\">\n\t\t\t\t<div class=\"elementor-widget-container\">\n\t\t\t\t\t\t\t\t\t\t\t\t\t\t\t<img decoding=\"async\" width=\"800\" height=\"534\" src=\"https:\/\/medicoo.nl\/wp-content\/uploads\/2023\/05\/Medisch-team-kopje-huisartsen-1024x683.jpg\" class=\"attachment-large size-large wp-image-1442\" alt=\"\" srcset=\"https:\/\/medicoo.nl\/wp-content\/uploads\/2023\/05\/Medisch-team-kopje-huisartsen-1024x683.jpg 1024w, https:\/\/medicoo.nl\/wp-content\/uploads\/2023\/05\/Medisch-team-kopje-huisartsen-300x200.jpg 300w, https:\/\/medicoo.nl\/wp-content\/uploads\/2023\/05\/Medisch-team-kopje-huisartsen-768x512.jpg 768w, https:\/\/medicoo.nl\/wp-content\/uploads\/2023\/05\/Medisch-team-kopje-huisartsen-18x12.jpg 18w, https:\/\/medicoo.nl\/wp-content\/uploads\/2023\/05\/Medisch-team-kopje-huisartsen.jpg 1500w\" sizes=\"(max-width: 800px) 100vw, 800px\" \/>\t\t\t\t\t\t\t\t\t\t\t\t\t\t\t<\/div>\n\t\t\t\t<\/div>\n\t\t\t\t\t<\/div>\n\t\t<\/div>\n\t\t\t\t<div class=\"elementor-column elementor-col-50 elementor-top-column elementor-element elementor-element-0f138c4\" data-id=\"0f138c4\" data-element_type=\"column\" data-e-type=\"column\">\n\t\t\t<div class=\"elementor-widget-wrap elementor-element-populated\">\n\t\t\t\t\t\t<div class=\"elementor-element elementor-element-89404af elementor-widget elementor-widget-heading\" data-id=\"89404af\" data-element_type=\"widget\" data-e-type=\"widget\" data-widget_type=\"heading.default\">\n\t\t\t\t<div class=\"elementor-widget-container\">\n\t\t\t\t\t<h2 class=\"elementor-heading-title elementor-size-default\">Allgemeinmediziner<\/h2>\t\t\t\t<\/div>\n\t\t\t\t<\/div>\n\t\t\t\t<div class=\"elementor-element elementor-element-2bbde47 elementor-widget elementor-widget-text-editor\" data-id=\"2bbde47\" data-element_type=\"widget\" data-e-type=\"widget\" data-widget_type=\"text-editor.default\">\n\t\t\t\t<div class=\"elementor-widget-container\">\n\t\t\t\t\t\t\t\t\t<p>F\u00fcr einige unserer Dienstleistungen k\u00f6nnen die Kunden einen (Online-)Hausarzt kontaktieren. Medicinfo verf\u00fcgt \u00fcber ein Netzwerk erfahrener und fachkundiger Allgemeinmediziner, die von \u00fcberall in den Niederlanden aus eine Fernbetreuung anbieten. Diese Haus\u00e4rzte sind BIG-registriert und sind neben ihrer Arbeit f\u00fcr Medicinfo als Haus\u00e4rzte in ihrer eigenen Praxis oder als stellvertretende Haus\u00e4rzte t\u00e4tig.<\/p>\t\t\t\t\t\t\t\t<\/div>\n\t\t\t\t<\/div>\n\t\t\t\t\t<\/div>\n\t\t<\/div>\n\t\t\t\t\t<\/div>\n\t\t<\/section>\n\t\t\t\t<section class=\"elementor-section elementor-top-section elementor-element elementor-element-6ae5ecc elementor-reverse-mobile elementor-section-boxed elementor-section-height-default elementor-section-height-default\" data-id=\"6ae5ecc\" data-element_type=\"section\" data-e-type=\"section\" data-settings=\"{&quot;background_background&quot;:&quot;classic&quot;}\">\n\t\t\t\t\t\t<div class=\"elementor-container elementor-column-gap-default\">\n\t\t\t\t\t<div class=\"elementor-column elementor-col-50 elementor-top-column elementor-element elementor-element-461ebc1\" data-id=\"461ebc1\" data-element_type=\"column\" data-e-type=\"column\">\n\t\t\t<div class=\"elementor-widget-wrap elementor-element-populated\">\n\t\t\t\t\t\t<div class=\"elementor-element elementor-element-229dd1c elementor-widget elementor-widget-heading\" data-id=\"229dd1c\" data-element_type=\"widget\" data-e-type=\"widget\" data-widget_type=\"heading.default\">\n\t\t\t\t<div class=\"elementor-widget-container\">\n\t\t\t\t\t<h2 class=\"elementor-heading-title elementor-size-default\">Fachleute<\/h2>\t\t\t\t<\/div>\n\t\t\t\t<\/div>\n\t\t\t\t<div class=\"elementor-element elementor-element-c767e94 elementor-widget elementor-widget-text-editor\" data-id=\"c767e94\" data-element_type=\"widget\" data-e-type=\"widget\" data-widget_type=\"text-editor.default\">\n\t\t\t\t<div class=\"elementor-widget-container\">\n\t\t\t\t\t\t\t\t\t<p>F\u00fcr spezifische Fragen und zur Beruhigung einer Diagnose oder Behandlung bieten wir unseren Kunden die M\u00f6glichkeit, diese mit einem der unabh\u00e4ngigen medizinischen Spezialisten unseres Netzwerks zu besprechen. Diese Spezialisten verf\u00fcgen \u00fcber ein umfangreiches Wissen und jahrelange Erfahrung in den verschiedensten Bereichen. Neben ihrer T\u00e4tigkeit bei Medicinfo arbeiten sie auch im Krankenhaus.<\/p>\t\t\t\t\t\t\t\t<\/div>\n\t\t\t\t<\/div>\n\t\t\t\t\t<\/div>\n\t\t<\/div>\n\t\t\t\t<div class=\"elementor-column elementor-col-50 elementor-top-column elementor-element elementor-element-c8f37d1\" data-id=\"c8f37d1\" data-element_type=\"column\" data-e-type=\"column\">\n\t\t\t<div class=\"elementor-widget-wrap elementor-element-populated\">\n\t\t\t\t\t\t<div class=\"elementor-element elementor-element-809bbe4 elementor-widget elementor-widget-image\" data-id=\"809bbe4\" data-element_type=\"widget\" data-e-type=\"widget\" data-widget_type=\"image.default\">\n\t\t\t\t<div class=\"elementor-widget-container\">\n\t\t\t\t\t\t\t\t\t\t\t\t\t\t\t<img decoding=\"async\" width=\"800\" height=\"534\" src=\"https:\/\/medicoo.nl\/wp-content\/uploads\/2023\/04\/specialisten-1024x683.webp\" class=\"attachment-large size-large wp-image-1198\" alt=\"\" srcset=\"https:\/\/medicoo.nl\/wp-content\/uploads\/2023\/04\/specialisten-1024x683.webp 1024w, https:\/\/medicoo.nl\/wp-content\/uploads\/2023\/04\/specialisten-300x200.webp 300w, https:\/\/medicoo.nl\/wp-content\/uploads\/2023\/04\/specialisten-768x512.webp 768w, https:\/\/medicoo.nl\/wp-content\/uploads\/2023\/04\/specialisten-1536x1024.webp 1536w, https:\/\/medicoo.nl\/wp-content\/uploads\/2023\/04\/specialisten-18x12.webp 18w, https:\/\/medicoo.nl\/wp-content\/uploads\/2023\/04\/specialisten.webp 2048w\" sizes=\"(max-width: 800px) 100vw, 800px\" \/>\t\t\t\t\t\t\t\t\t\t\t\t\t\t\t<\/div>\n\t\t\t\t<\/div>\n\t\t\t\t\t<\/div>\n\t\t<\/div>\n\t\t\t\t\t<\/div>\n\t\t<\/section>\n\t\t\t\t<\/div>","protected":false},"excerpt":{"rendered":"<p>Medisch team Ons medisch team bestaat uit BIG geregistreerde verpleegkundigen, specialisten en huisartsen, die al jaren ervaring hebben met het verlenen van digitale zorg.\u00a0 Verpleegkundigen Onze verpleegkundigen zijn het eerste aanspreekpunt voor mensen met een gezondheidsvraag. Zij voeren de triage uit volgens professionele standaarden en protocollen. Door hun intensieve training in communicatie- en gesprekstechnieken helpen [&hellip;]<\/p>\n","protected":false},"author":2,"featured_media":0,"parent":0,"menu_order":0,"comment_status":"closed","ping_status":"closed","template":"elementor_header_footer","meta":{"footnotes":""},"class_list":["post-1190","page","type-page","status-publish","hentry"],"_links":{"self":[{"href":"https:\/\/medicoo.nl\/de\/wp-json\/wp\/v2\/pages\/1190","targetHints":{"allow":["GET"]}}],"collection":[{"href":"https:\/\/medicoo.nl\/de\/wp-json\/wp\/v2\/pages"}],"about":[{"href":"https:\/\/medicoo.nl\/de\/wp-json\/wp\/v2\/types\/page"}],"author":[{"embeddable":true,"href":"https:\/\/medicoo.nl\/de\/wp-json\/wp\/v2\/users\/2"}],"replies":[{"embeddable":true,"href":"https:\/\/medicoo.nl\/de\/wp-json\/wp\/v2\/comments?post=1190"}],"version-history":[{"count":56,"href":"https:\/\/medicoo.nl\/de\/wp-json\/wp\/v2\/pages\/1190\/revisions"}],"predecessor-version":[{"id":2583,"href":"https:\/\/medicoo.nl\/de\/wp-json\/wp\/v2\/pages\/1190\/revisions\/2583"}],"wp:attachment":[{"href":"https:\/\/medicoo.nl\/de\/wp-json\/wp\/v2\/media?parent=1190"}],"curies":[{"name":"wp","href":"https:\/\/api.w.org\/{rel}","templated":true}]}}