{"id":3022,"date":"2023-07-13T10:21:48","date_gmt":"2023-07-13T08:21:48","guid":{"rendered":"https:\/\/medicoo.nl\/?page_id=3022"},"modified":"2023-07-18T09:52:23","modified_gmt":"2023-07-18T07:52:23","slug":"home-alt","status":"publish","type":"page","link":"https:\/\/medicoo.nl\/de\/home-alt\/","title":{"rendered":"Startseite - alto"},"content":{"rendered":"<div data-elementor-type=\"wp-page\" data-elementor-id=\"3022\" class=\"elementor elementor-3022\" data-elementor-post-type=\"page\">\n\t\t\t\t\t\t<section class=\"elementor-section elementor-top-section elementor-element elementor-element-7fb8d30 elementor-section-full_width elementor-section-height-min-height elementor-section-height-default elementor-section-items-middle\" data-id=\"7fb8d30\" data-element_type=\"section\" data-e-type=\"section\" data-settings=\"{&quot;background_background&quot;:&quot;classic&quot;}\">\n\t\t\t\t\t\t\t<div class=\"elementor-background-overlay\"><\/div>\n\t\t\t\t\t\t\t<div class=\"elementor-container elementor-column-gap-default\">\n\t\t\t\t\t<div class=\"elementor-column elementor-col-100 elementor-top-column elementor-element elementor-element-c19d817\" data-id=\"c19d817\" data-element_type=\"column\" data-e-type=\"column\">\n\t\t\t<div class=\"elementor-widget-wrap elementor-element-populated\">\n\t\t\t\t\t\t<div class=\"elementor-element elementor-element-31c39d9 elementor-widget elementor-widget-heading\" data-id=\"31c39d9\" data-element_type=\"widget\" data-e-type=\"widget\" data-widget_type=\"heading.default\">\n\t\t\t\t<div class=\"elementor-widget-container\">\n\t\t\t\t\t<h2 class=\"elementor-heading-title elementor-size-default\">Fragen zu Ihrem <span style=\"color:#2ED9C3\">Gesundheit<\/span>?<\/h2>\t\t\t\t<\/div>\n\t\t\t\t<\/div>\n\t\t\t\t<section class=\"elementor-section elementor-inner-section elementor-element elementor-element-fe8f64f elementor-reverse-mobile elementor-section-boxed elementor-section-height-default elementor-section-height-default\" data-id=\"fe8f64f\" data-element_type=\"section\" data-e-type=\"section\" data-settings=\"{&quot;background_background&quot;:&quot;classic&quot;}\">\n\t\t\t\t\t\t<div class=\"elementor-container elementor-column-gap-default\">\n\t\t\t\t\t<div class=\"elementor-column elementor-col-50 elementor-inner-column elementor-element elementor-element-571defd\" data-id=\"571defd\" data-element_type=\"column\" data-e-type=\"column\" data-settings=\"{&quot;background_background&quot;:&quot;classic&quot;}\">\n\t\t\t<div class=\"elementor-widget-wrap elementor-element-populated\">\n\t\t\t\t\t\t<div class=\"elementor-element elementor-element-0ff4ec6 elementor-widget elementor-widget-text-editor\" data-id=\"0ff4ec6\" data-element_type=\"widget\" data-e-type=\"widget\" data-widget_type=\"text-editor.default\">\n\t\t\t\t<div class=\"elementor-widget-container\">\n\t\t\t\t\t\t\t\t\t<p>Medicoo unterst\u00fctzt die haus\u00e4rztliche Versorgung. Damit die personalisierte Versorgung f\u00fcr alle zug\u00e4nglich bleibt.<\/p>\t\t\t\t\t\t\t\t<\/div>\n\t\t\t\t<\/div>\n\t\t\t\t<div class=\"elementor-element elementor-element-ed59490 elementor-widget elementor-widget-text-editor\" data-id=\"ed59490\" data-element_type=\"widget\" data-e-type=\"widget\" data-widget_type=\"text-editor.default\">\n\t\t\t\t<div class=\"elementor-widget-container\">\n\t\t\t\t\t\t\t\t\t<p>Mit der Medicoo-App k\u00f6nnen Sie schnell und einfach per Chat eine Gesundheitsfrage stellen. Jederzeit und von \u00fcberall aus. Wir arbeiten eng mit Ihrem Hausarzt oder dem Hausarzt an Ihrem Wohnort zusammen. Falls n\u00f6tig, \u00fcberweisen wir Sie an einen Hausarzt oder eine Hausarzt-Au\u00dfensprechstunde. Er oder sie erh\u00e4lt eine \u00dcberweisung von uns.<\/p>\t\t\t\t\t\t\t\t<\/div>\n\t\t\t\t<\/div>\n\t\t\t\t\t<\/div>\n\t\t<\/div>\n\t\t\t\t<div class=\"elementor-column elementor-col-50 elementor-inner-column elementor-element elementor-element-9c0eb94\" data-id=\"9c0eb94\" data-element_type=\"column\" data-e-type=\"column\" data-settings=\"{&quot;background_background&quot;:&quot;classic&quot;}\">\n\t\t\t<div class=\"elementor-widget-wrap elementor-element-populated\">\n\t\t\t\t\t\t<div class=\"elementor-element elementor-element-876923e elementor-widget elementor-widget-heading\" data-id=\"876923e\" data-element_type=\"widget\" data-e-type=\"widget\" data-widget_type=\"heading.default\">\n\t\t\t\t<div class=\"elementor-widget-container\">\n\t\t\t\t\t<h2 class=\"elementor-heading-title elementor-size-default\">Treffen Sie eine Entscheidung...<\/h2>\t\t\t\t<\/div>\n\t\t\t\t<\/div>\n\t\t\t\t<div class=\"elementor-element elementor-element-a8b977c elementor-widget__width-auto elementor-mobile-align-justify elementor-widget-mobile__width-inherit elementor-widget elementor-widget-button\" data-id=\"a8b977c\" data-element_type=\"widget\" data-e-type=\"widget\" data-widget_type=\"button.default\">\n\t\t\t\t<div class=\"elementor-widget-container\">\n\t\t\t\t\t\t\t\t\t<div class=\"elementor-button-wrapper\">\n\t\t\t\t\t<a class=\"elementor-button elementor-button-link elementor-size-xl\" href=\"#\">\n\t\t\t\t\t\t<span class=\"elementor-button-content-wrapper\">\n\t\t\t\t\t\t\t\t\t<span class=\"elementor-button-text\"><span style=\"color:#2ED9C3;font-size:28px\"><i class=\"fa-regular fa-user\"><\/i><\/span> &nbsp;&nbsp;Ich bin ein Patient<\/span>\n\t\t\t\t\t<\/span>\n\t\t\t\t\t<\/a>\n\t\t\t\t<\/div>\n\t\t\t\t\t\t\t\t<\/div>\n\t\t\t\t<\/div>\n\t\t\t\t<div class=\"elementor-element elementor-element-35739ab elementor-widget__width-auto elementor-mobile-align-justify elementor-widget-mobile__width-inherit elementor-widget elementor-widget-button\" data-id=\"35739ab\" data-element_type=\"widget\" data-e-type=\"widget\" data-widget_type=\"button.default\">\n\t\t\t\t<div class=\"elementor-widget-container\">\n\t\t\t\t\t\t\t\t\t<div class=\"elementor-button-wrapper\">\n\t\t\t\t\t<a class=\"elementor-button elementor-button-link elementor-size-xl\" href=\"#\">\n\t\t\t\t\t\t<span class=\"elementor-button-content-wrapper\">\n\t\t\t\t\t\t\t\t\t<span class=\"elementor-button-text\"><span style=\"color:#2ED9C3;font-size:28px\"><i class=\"fa-regular fa-user-md\"><\/i><\/span> &nbsp;&nbsp;Ich bin ein Gesundheitsdienstleister<\/span>\n\t\t\t\t\t<\/span>\n\t\t\t\t\t<\/a>\n\t\t\t\t<\/div>\n\t\t\t\t\t\t\t\t<\/div>\n\t\t\t\t<\/div>\n\t\t\t\t<div class=\"elementor-element elementor-element-2296a18 elementor-widget elementor-widget-spacer\" data-id=\"2296a18\" data-element_type=\"widget\" data-e-type=\"widget\" data-widget_type=\"spacer.default\">\n\t\t\t\t<div class=\"elementor-widget-container\">\n\t\t\t\t\t\t\t<div class=\"elementor-spacer\">\n\t\t\t<div class=\"elementor-spacer-inner\"><\/div>\n\t\t<\/div>\n\t\t\t\t\t\t<\/div>\n\t\t\t\t<\/div>\n\t\t\t\t<div class=\"elementor-element elementor-element-ee960d9 elementor-widget-divider--view-line elementor-widget elementor-widget-divider\" data-id=\"ee960d9\" data-element_type=\"widget\" data-e-type=\"widget\" data-widget_type=\"divider.default\">\n\t\t\t\t<div class=\"elementor-widget-container\">\n\t\t\t\t\t\t\t<div class=\"elementor-divider\">\n\t\t\t<span class=\"elementor-divider-separator\">\n\t\t\t\t\t\t<\/span>\n\t\t<\/div>\n\t\t\t\t\t\t<\/div>\n\t\t\t\t<\/div>\n\t\t\t\t<div class=\"elementor-element elementor-element-823d216 elementor-widget elementor-widget-heading\" data-id=\"823d216\" data-element_type=\"widget\" data-e-type=\"widget\" data-widget_type=\"heading.default\">\n\t\t\t\t<div class=\"elementor-widget-container\">\n\t\t\t\t\t<h2 class=\"elementor-heading-title elementor-size-default\">Die App herunterladen<\/h2>\t\t\t\t<\/div>\n\t\t\t\t<\/div>\n\t\t\t\t<div class=\"elementor-element elementor-element-22591fa elementor-widget__width-auto elementor-widget-mobile__width-inherit elementor-widget elementor-widget-image\" data-id=\"22591fa\" data-element_type=\"widget\" data-e-type=\"widget\" data-widget_type=\"image.default\">\n\t\t\t\t<div class=\"elementor-widget-container\">\n\t\t\t\t\t\t\t\t\t\t\t\t\t\t\t\t<a href=\"#\">\n\t\t\t\t\t\t\t<img fetchpriority=\"high\" decoding=\"async\" width=\"500\" height=\"150\" src=\"https:\/\/medicoo.nl\/wp-content\/uploads\/2023\/04\/google-play-badge.png\" class=\"elementor-animation-grow attachment-large size-large wp-image-2413\" alt=\"\" srcset=\"https:\/\/medicoo.nl\/wp-content\/uploads\/2023\/04\/google-play-badge.png 500w, https:\/\/medicoo.nl\/wp-content\/uploads\/2023\/04\/google-play-badge-300x90.png 300w, https:\/\/medicoo.nl\/wp-content\/uploads\/2023\/04\/google-play-badge-18x5.png 18w\" sizes=\"(max-width: 500px) 100vw, 500px\" \/>\t\t\t\t\t\t\t\t<\/a>\n\t\t\t\t\t\t\t\t\t\t\t\t\t\t\t<\/div>\n\t\t\t\t<\/div>\n\t\t\t\t<div class=\"elementor-element elementor-element-5805c1c elementor-widget__width-auto elementor-widget-mobile__width-inherit elementor-widget elementor-widget-image\" data-id=\"5805c1c\" data-element_type=\"widget\" data-e-type=\"widget\" data-widget_type=\"image.default\">\n\t\t\t\t<div class=\"elementor-widget-container\">\n\t\t\t\t\t\t\t\t\t\t\t\t\t\t\t\t<a href=\"#\">\n\t\t\t\t\t\t\t<img decoding=\"async\" width=\"500\" height=\"148\" src=\"https:\/\/medicoo.nl\/wp-content\/uploads\/2023\/04\/appstore-badge.png\" class=\"elementor-animation-grow attachment-large size-large wp-image-2412\" alt=\"\" srcset=\"https:\/\/medicoo.nl\/wp-content\/uploads\/2023\/04\/appstore-badge.png 500w, https:\/\/medicoo.nl\/wp-content\/uploads\/2023\/04\/appstore-badge-300x89.png 300w, https:\/\/medicoo.nl\/wp-content\/uploads\/2023\/04\/appstore-badge-18x5.png 18w\" sizes=\"(max-width: 500px) 100vw, 500px\" \/>\t\t\t\t\t\t\t\t<\/a>\n\t\t\t\t\t\t\t\t\t\t\t\t\t\t\t<\/div>\n\t\t\t\t<\/div>\n\t\t\t\t\t<\/div>\n\t\t<\/div>\n\t\t\t\t\t<\/div>\n\t\t<\/section>\n\t\t\t\t\t<\/div>\n\t\t<\/div>\n\t\t\t\t\t<\/div>\n\t\t<\/section>\n\t\t\t\t<\/div>","protected":false},"excerpt":{"rendered":"<p>Vragen over je gezondheid? Medicoo ondersteunt de huisartsenzorg. Zodat persoonlijke zorg voor iedereen beschikbaar blijft. Met de Medicoo app stel je een gezondheidsvraag snel en makkelijk via chat. Op elk moment, vanaf elke plek. Wij werken nauw samen met je eigen huisarts of de huisarts op jouw locatie. Wanneer nodig verwijzen wij je door naar [&hellip;]<\/p>\n","protected":false},"author":2,"featured_media":0,"parent":0,"menu_order":0,"comment_status":"closed","ping_status":"closed","template":"elementor_header_footer","meta":{"footnotes":""},"class_list":["post-3022","page","type-page","status-publish","hentry"],"_links":{"self":[{"href":"https:\/\/medicoo.nl\/de\/wp-json\/wp\/v2\/pages\/3022","targetHints":{"allow":["GET"]}}],"collection":[{"href":"https:\/\/medicoo.nl\/de\/wp-json\/wp\/v2\/pages"}],"about":[{"href":"https:\/\/medicoo.nl\/de\/wp-json\/wp\/v2\/types\/page"}],"author":[{"embeddable":true,"href":"https:\/\/medicoo.nl\/de\/wp-json\/wp\/v2\/users\/2"}],"replies":[{"embeddable":true,"href":"https:\/\/medicoo.nl\/de\/wp-json\/wp\/v2\/comments?post=3022"}],"version-history":[{"count":98,"href":"https:\/\/medicoo.nl\/de\/wp-json\/wp\/v2\/pages\/3022\/revisions"}],"predecessor-version":[{"id":3154,"href":"https:\/\/medicoo.nl\/de\/wp-json\/wp\/v2\/pages\/3022\/revisions\/3154"}],"wp:attachment":[{"href":"https:\/\/medicoo.nl\/de\/wp-json\/wp\/v2\/media?parent=3022"}],"curies":[{"name":"wp","href":"https:\/\/api.w.org\/{rel}","templated":true}]}}