{"id":305,"date":"2023-04-12T11:41:56","date_gmt":"2023-04-12T11:41:56","guid":{"rendered":"https:\/\/medicoo.nl\/?page_id=305"},"modified":"2023-07-18T11:54:23","modified_gmt":"2023-07-18T09:54:23","slug":"ik-ben-patient","status":"publish","type":"page","link":"https:\/\/medicoo.nl\/de\/ik-ben-patient\/","title":{"rendered":"Ich bin ein Patient"},"content":{"rendered":"<div data-elementor-type=\"wp-page\" data-elementor-id=\"305\" class=\"elementor elementor-305\" data-elementor-post-type=\"page\">\n\t\t\t\t\t\t<section class=\"elementor-section elementor-top-section elementor-element elementor-element-deeb2f7 elementor-section-boxed elementor-section-height-default elementor-section-height-default\" data-id=\"deeb2f7\" data-element_type=\"section\" data-e-type=\"section\" data-settings=\"{&quot;background_background&quot;:&quot;classic&quot;}\">\n\t\t\t\t\t\t<div class=\"elementor-container elementor-column-gap-default\">\n\t\t\t\t\t<div class=\"elementor-column elementor-col-100 elementor-top-column elementor-element elementor-element-9b66f49\" data-id=\"9b66f49\" data-element_type=\"column\" data-e-type=\"column\">\n\t\t\t<div class=\"elementor-widget-wrap elementor-element-populated\">\n\t\t\t\t\t\t<div class=\"elementor-element elementor-element-23526e7 elementor-widget elementor-widget-heading\" data-id=\"23526e7\" data-element_type=\"widget\" data-e-type=\"widget\" data-widget_type=\"heading.default\">\n\t\t\t\t<div class=\"elementor-widget-container\">\n\t\t\t\t\t<h1 class=\"elementor-heading-title elementor-size-default\">Ich bin <span style=\"color:#2ED9C3\">ein Patient<\/span><\/h1>\t\t\t\t<\/div>\n\t\t\t\t<\/div>\n\t\t\t\t<section class=\"elementor-section elementor-inner-section elementor-element elementor-element-bd83de5 elementor-reverse-mobile elementor-section-boxed elementor-section-height-default elementor-section-height-default\" data-id=\"bd83de5\" data-element_type=\"section\" data-e-type=\"section\">\n\t\t\t\t\t\t<div class=\"elementor-container elementor-column-gap-default\">\n\t\t\t\t\t<div class=\"elementor-column elementor-col-50 elementor-inner-column elementor-element elementor-element-bea767e\" data-id=\"bea767e\" data-element_type=\"column\" data-e-type=\"column\">\n\t\t\t<div class=\"elementor-widget-wrap elementor-element-populated\">\n\t\t\t\t\t\t<div class=\"elementor-element elementor-element-5d81a08 elementor-widget elementor-widget-text-editor\" data-id=\"5d81a08\" data-element_type=\"widget\" data-e-type=\"widget\" data-widget_type=\"text-editor.default\">\n\t\t\t\t<div class=\"elementor-widget-container\">\n\t\t\t\t\t\t\t\t\t<p>Mit Medicoo haben Sie immer einen digitalen Hausarzt zur Hand. Sie erhalten einfach und schnell eine pers\u00f6nliche Beratung durch unser medizinisches Team.<\/p>\t\t\t\t\t\t\t\t<\/div>\n\t\t\t\t<\/div>\n\t\t\t\t<div class=\"elementor-element elementor-element-46059ad elementor-widget elementor-widget-text-editor\" data-id=\"46059ad\" data-element_type=\"widget\" data-e-type=\"widget\" data-widget_type=\"text-editor.default\">\n\t\t\t\t<div class=\"elementor-widget-container\">\n\t\t\t\t\t\t\t\t\t<p>Ideal f\u00fcr alle Gesundheitsfragen oder im Zweifelsfall<span style=\"background-color: var( --e-global-color-69ec511 ); color: var( --e-global-color-text ); font-family: var( --e-global-typography-text-font-family ), Sans-serif; font-size: var( --e-global-typography-text-font-size );\">\u00a0Ob man zum Hausarzt geht.\u00a0<\/span><span style=\"background-color: var( --e-global-color-69ec511 );\">Wir arbeiten eng mit Ihrem Hausarzt oder dem Hausarzt an Ihrem Wohnort zusammen.\u00a0<\/span><span style=\"background-color: var( --e-global-color-69ec511 ); color: var( --e-global-color-text ); font-family: var( --e-global-typography-text-font-family ), Sans-serif; font-size: var( --e-global-typography-text-font-size );\">Unser medizinisches Team steht Ihnen zur Verf\u00fcgung. \u00dcber Chat und Videoanrufe. Tags\u00fcber, abends und am Wochenende.<\/span><\/p>\t\t\t\t\t\t\t\t<\/div>\n\t\t\t\t<\/div>\n\t\t\t\t<div class=\"elementor-element elementor-element-00d7250 elementor-widget__width-auto elementor-widget-mobile__width-inherit elementor-widget elementor-widget-image\" data-id=\"00d7250\" data-element_type=\"widget\" data-e-type=\"widget\" data-widget_type=\"image.default\">\n\t\t\t\t<div class=\"elementor-widget-container\">\n\t\t\t\t\t\t\t\t\t\t\t\t\t\t\t\t<a href=\"https:\/\/apps.apple.com\/nl\/app\/medicoo\/id1503699918\" target=\"_blank\">\n\t\t\t\t\t\t\t<img fetchpriority=\"high\" decoding=\"async\" width=\"500\" height=\"148\" src=\"https:\/\/medicoo.nl\/wp-content\/uploads\/2023\/04\/appstore-badge.png\" class=\"elementor-animation-grow attachment-large size-large wp-image-2412\" alt=\"\" srcset=\"https:\/\/medicoo.nl\/wp-content\/uploads\/2023\/04\/appstore-badge.png 500w, https:\/\/medicoo.nl\/wp-content\/uploads\/2023\/04\/appstore-badge-300x89.png 300w, https:\/\/medicoo.nl\/wp-content\/uploads\/2023\/04\/appstore-badge-18x5.png 18w\" sizes=\"(max-width: 500px) 100vw, 500px\" \/>\t\t\t\t\t\t\t\t<\/a>\n\t\t\t\t\t\t\t\t\t\t\t\t\t\t\t<\/div>\n\t\t\t\t<\/div>\n\t\t\t\t<div class=\"elementor-element elementor-element-206b0f0 elementor-widget__width-auto elementor-widget-mobile__width-inherit elementor-widget elementor-widget-image\" data-id=\"206b0f0\" data-element_type=\"widget\" data-e-type=\"widget\" data-widget_type=\"image.default\">\n\t\t\t\t<div class=\"elementor-widget-container\">\n\t\t\t\t\t\t\t\t\t\t\t\t\t\t\t\t<a href=\"https:\/\/play.google.com\/store\/apps\/details?id=nl.medicinfo.noni\" target=\"_blank\">\n\t\t\t\t\t\t\t<img decoding=\"async\" width=\"500\" height=\"150\" src=\"https:\/\/medicoo.nl\/wp-content\/uploads\/2023\/04\/google-play-badge.png\" class=\"elementor-animation-grow attachment-large size-large wp-image-2413\" alt=\"\" srcset=\"https:\/\/medicoo.nl\/wp-content\/uploads\/2023\/04\/google-play-badge.png 500w, https:\/\/medicoo.nl\/wp-content\/uploads\/2023\/04\/google-play-badge-300x90.png 300w, https:\/\/medicoo.nl\/wp-content\/uploads\/2023\/04\/google-play-badge-18x5.png 18w\" sizes=\"(max-width: 500px) 100vw, 500px\" \/>\t\t\t\t\t\t\t\t<\/a>\n\t\t\t\t\t\t\t\t\t\t\t\t\t\t\t<\/div>\n\t\t\t\t<\/div>\n\t\t\t\t\t<\/div>\n\t\t<\/div>\n\t\t\t\t<div class=\"elementor-column elementor-col-50 elementor-inner-column elementor-element elementor-element-96327d8\" data-id=\"96327d8\" data-element_type=\"column\" data-e-type=\"column\">\n\t\t\t<div class=\"elementor-widget-wrap elementor-element-populated\">\n\t\t\t\t\t\t<div class=\"elementor-element elementor-element-8e4a835 elementor-widget elementor-widget-image\" data-id=\"8e4a835\" data-element_type=\"widget\" data-e-type=\"widget\" data-widget_type=\"image.default\">\n\t\t\t\t<div class=\"elementor-widget-container\">\n\t\t\t\t\t\t\t\t\t\t\t\t\t\t\t<img decoding=\"async\" width=\"800\" height=\"533\" src=\"https:\/\/medicoo.nl\/wp-content\/uploads\/2023\/05\/Ik-ben-patient-header-1024x682.jpg\" class=\"attachment-large size-large wp-image-1450\" alt=\"\" srcset=\"https:\/\/medicoo.nl\/wp-content\/uploads\/2023\/05\/Ik-ben-patient-header-1024x682.jpg 1024w, https:\/\/medicoo.nl\/wp-content\/uploads\/2023\/05\/Ik-ben-patient-header-300x200.jpg 300w, https:\/\/medicoo.nl\/wp-content\/uploads\/2023\/05\/Ik-ben-patient-header-768x512.jpg 768w, https:\/\/medicoo.nl\/wp-content\/uploads\/2023\/05\/Ik-ben-patient-header-18x12.jpg 18w, https:\/\/medicoo.nl\/wp-content\/uploads\/2023\/05\/Ik-ben-patient-header.jpg 1361w\" sizes=\"(max-width: 800px) 100vw, 800px\" \/>\t\t\t\t\t\t\t\t\t\t\t\t\t\t\t<\/div>\n\t\t\t\t<\/div>\n\t\t\t\t\t<\/div>\n\t\t<\/div>\n\t\t\t\t\t<\/div>\n\t\t<\/section>\n\t\t\t\t<div class=\"elementor-element elementor-element-876923e elementor-widget elementor-widget-heading\" data-id=\"876923e\" data-element_type=\"widget\" data-e-type=\"widget\" data-widget_type=\"heading.default\">\n\t\t\t\t<div class=\"elementor-widget-container\">\n\t\t\t\t\t<h2 class=\"elementor-heading-title elementor-size-default\">Treffen Sie eine Entscheidung...<\/h2>\t\t\t\t<\/div>\n\t\t\t\t<\/div>\n\t\t\t\t<section class=\"elementor-section elementor-inner-section elementor-element elementor-element-bf84084 elementor-section-boxed elementor-section-height-default elementor-section-height-default\" data-id=\"bf84084\" data-element_type=\"section\" data-e-type=\"section\">\n\t\t\t\t\t\t<div class=\"elementor-container elementor-column-gap-default\">\n\t\t\t\t\t<div class=\"make-column-clickable-elementor elementor-column elementor-col-25 elementor-inner-column elementor-element elementor-element-20c99db\" style=\"cursor: pointer;\" data-column-clickable=\"https:\/\/medicoo.nl\/de\/ik-ben-hier-via-mijn-huisarts\/\" data-column-clickable-blank=\"_self\" data-id=\"20c99db\" data-element_type=\"column\" data-e-type=\"column\" data-settings=\"{&quot;background_background&quot;:&quot;classic&quot;}\">\n\t\t\t<div class=\"elementor-widget-wrap elementor-element-populated\">\n\t\t\t\t\t\t<div class=\"elementor-element elementor-element-a1ff490 elementor-view-default elementor-position-block-start elementor-mobile-position-block-start elementor-widget elementor-widget-icon-box\" data-id=\"a1ff490\" data-element_type=\"widget\" data-e-type=\"widget\" data-widget_type=\"icon-box.default\">\n\t\t\t\t<div class=\"elementor-widget-container\">\n\t\t\t\t\t\t\t<div class=\"elementor-icon-box-wrapper\">\n\n\t\t\t\t\t\t<div class=\"elementor-icon-box-icon\">\n\t\t\t\t<span  class=\"elementor-icon\">\n\t\t\t\t<i aria-hidden=\"true\" class=\"far fa-user-md\"><\/i>\t\t\t\t<\/span>\n\t\t\t<\/div>\n\t\t\t\n\t\t\t\t\t\t<div class=\"elementor-icon-box-content\">\n\n\t\t\t\t\t\t\t\t\t<h3 class=\"elementor-icon-box-title\">\n\t\t\t\t\t\t<span  >\n\t\t\t\t\t\t\tIch bin durch meinen Hausarzt hier\t\t\t\t\t\t<\/span>\n\t\t\t\t\t<\/h3>\n\t\t\t\t\n\t\t\t\t\t\t\t\t\t<p class=\"elementor-icon-box-description\">\n\t\t\t\t\t\tHaben Sie Fragen zu Ihrer Gesundheit? Immer ein Hausarzt zur Hand!\t\t\t\t\t<\/p>\n\t\t\t\t\n\t\t\t<\/div>\n\t\t\t\n\t\t<\/div>\n\t\t\t\t\t\t<\/div>\n\t\t\t\t<\/div>\n\t\t\t\t\t<\/div>\n\t\t<\/div>\n\t\t\t\t<div class=\"make-column-clickable-elementor elementor-column elementor-col-25 elementor-inner-column elementor-element elementor-element-3ea74a3\" style=\"cursor: pointer;\" data-column-clickable=\"https:\/\/medicoo.nl\/de\/ik-ben-hier-op-vakantie\/\" data-column-clickable-blank=\"_self\" data-id=\"3ea74a3\" data-element_type=\"column\" data-e-type=\"column\" data-settings=\"{&quot;background_background&quot;:&quot;classic&quot;}\">\n\t\t\t<div class=\"elementor-widget-wrap elementor-element-populated\">\n\t\t\t\t\t\t<div class=\"elementor-element elementor-element-d745e3a elementor-view-default elementor-position-block-start elementor-mobile-position-block-start elementor-widget elementor-widget-icon-box\" data-id=\"d745e3a\" data-element_type=\"widget\" data-e-type=\"widget\" data-widget_type=\"icon-box.default\">\n\t\t\t\t<div class=\"elementor-widget-container\">\n\t\t\t\t\t\t\t<div class=\"elementor-icon-box-wrapper\">\n\n\t\t\t\t\t\t<div class=\"elementor-icon-box-icon\">\n\t\t\t\t<span  class=\"elementor-icon\">\n\t\t\t\t<svg xmlns=\"http:\/\/www.w3.org\/2000\/svg\" id=\"Laag_1\" data-name=\"Laag 1\" viewbox=\"0 0 1272.41 1188.83\"><defs><style> .cls-1 { fill: #50d9c4; stroke: #50d9c4; stroke-miterlimit: 10; stroke-width: 50px; } <\/style><\/defs><path class=\"cls-1\" d=\"m386.28,533.59c.67,6.41,1.23,12.83,2.11,19.21,1.17,8.41,6.83,12.54,15.22,10.78,32.44-6.82,64.87-13.64,97.24-20.78,34.04-7.51,67.99-15.41,101.99-23.13,37.58-8.53,75.17-17,112.73-25.57,29.51-6.73,58.98-13.6,88.48-20.36,1.3-.3,2.7-.15,4.79-.25l82.45,408.99c-16.8,1.08-39.23,2.86-65.6,5.98-22.64,2.67-50.55,6.03-85.8,13.29-29.73,6.12-50.8,12.16-87.68,22.73-30.33,8.69-55.39,16.58-73.07,22.33,2.48,6.29,5.05,12.65,7.71,19.08,2.68,6.47,5.37,12.82,8.07,19.07,73.61-24.64,135.72-39.64,181.7-49.05,50.75-10.39,80.81-13.76,93.56-15.05,48.27-4.86,84.45-4.15,119.38-3.53,44.07.79,86.33,1.49,141.53,10.47,22.28,3.62,40.71,7.61,53.7,10.67-.04-6.09,0-12.34.15-18.72.18-8,.5-15.76.94-23.29-28.85-6.49-53.26-10.39-71.16-12.82-56.08-7.6-100.43-7.74-133.41-7.79-27.11-.04-49.95.85-66.71,1.77-27.63-136.99-55.26-273.98-82.89-410.97,11.47-2.48,22.41-4.87,33.36-7.22,20.93-4.48,41.93-8.69,62.8-13.45,29.53-6.73,58.93-14.07,88.47-20.74,43.34-9.78,86.79-19.11,130.16-28.78,29.55-6.59,59.04-13.42,88.55-20.19,10.41-2.39,14.67-8.73,11.13-18.85-8.81-25.16-17.77-50.29-27.67-75.03-9-22.47-21.72-43-35.27-63.08-15.48-22.94-32.84-44.15-52.22-63.95-24.06-24.58-50.68-45.54-79.52-64.29-21.39-13.91-44.31-23.96-67.3-34.39-47.34-21.48-97.48-29.6-148.8-31.41-40.48-1.43-80.64,2.77-119.69,13.79-19.1,5.39-37.83,12.55-56.05,20.47-19.11,8.3-37.97,17.51-55.93,28.05-29,17.01-55.47,37.81-79.15,61.62-16.96,17.04-33.03,35.26-47.41,54.52-29.6,39.65-52.34,83.16-68.08,130.25-21.72,64.97-29.9,131.41-22.81,199.64Zm660.68-202.67c-15.19-47.48-35.61-92.66-61.41-135.26-11.52-19.02-23.96-37.69-37.79-55.07-20.75-26.07-43.95-50.06-71.37-69.38-10.38-7.32-21.65-13.38-32.92-20.27,1.07-.19,1.68-.43,2.27-.38,51.25,3.95,101.09,13.35,147.46,36.99,21.04,10.72,42.09,21.05,61.45,35.02,25.82,18.62,49.67,39.02,71.03,62.64,18.26,20.2,34.33,41.81,48.71,64.91,16.4,26.34,28.76,54.45,39.67,83.32,2.4,6.36,3.95,13.04,6.13,20.38-51.99,11.71-103.44,23.29-155.2,34.94-6.27-20.11-12.02-39.01-18.04-57.82Zm-159.57,6.98c-11.25-40.29-23.39-80.34-35.8-120.3-5.18-16.66-11.91-32.85-18.16-49.17-14.66-38.26-30.69-75.83-55.73-108.78-.44-.58-.47-1.47-.86-2.78,24.48,3.51,47.14,9.52,67.62,23.24,15.44,10.34,31.03,20.08,44.74,32.95,21.04,19.76,40.33,40.88,55.93,65.12,12.78,19.86,25.11,40.04,36.78,60.57,17.08,30.07,29.93,62.09,40.86,94.85,6.68,20,12.58,40.25,18.92,60.65-45.11,10.25-88.82,20.17-132.92,30.19-7.23-29.52-13.48-58.27-21.38-86.55Zm-170.43-212.57c1.85-18.18,6.33-36.23,11.07-53.95,3.65-13.66,12.13-16.14,21.55-5.89,10.48,11.4,20.4,23.95,27.66,37.56,11.97,22.44,22.08,45.92,32.09,69.34,7.4,17.33,14.33,34.97,19.85,52.97,13.29,43.29,26.01,86.76,38.19,130.37,6.73,24.08,11.91,48.59,17.99,73.75-46.73,10.61-92.79,21.06-139.81,31.74-2.35-13.3-4.64-25.02-6.47-36.8-4.13-26.61-8.66-53.18-11.88-79.9-3.8-31.54-6.78-63.2-9.4-94.86-3.43-41.39-5.06-82.93-.84-124.31Zm-135.99,255.79c-.14-58.96,7.27-116.75,25.38-172.92,11.22-34.81,26.88-67.46,50.39-95.89,3.8-4.59,7.8-9.02,11.84-13.4,9.05-9.79,19.39-17.86,32.12-24.01-.2,2.07-.28,3.38-.47,4.66-2.62,17.72-6.42,35.36-7.67,53.18-3.79,54.18-.79,108.29,5.39,162.14,5.14,44.8,11.86,89.42,18.04,134.1,1.75,12.66,4.07,25.23,6.11,37.68-44.36,10.05-87.97,19.94-132.42,30.01-.48-2.93-.92-5.16-1.21-7.41-4.73-35.89-7.41-71.89-7.49-108.14Zm-171.96,144.43c-3.64-44.39-.88-88.34,8.28-131.99,9.48-45.2,25.73-87.81,48.11-128.03,17.61-31.65,38.94-60.86,64.13-86.84,15.14-15.61,32.26-29.31,48.66-43.67,3.96-3.47,8.54-6.28,12.95-9.2,14.26-9.44,28.58-18.8,42.88-28.19.55.71,1.11,1.41,1.66,2.12-.27.58-.43,1.24-.81,1.73-25.1,31.68-41,67.99-53.06,106.17-11.92,37.73-18.57,76.5-22.01,115.83-3.5,40.04-3.59,80.11.06,120.15,1.75,19.21,3.82,38.39,5.82,58.32-51.67,11.69-103.38,23.4-155.2,35.13-.49-3.77-1.15-7.63-1.47-11.52Z\"><\/path><path class=\"cls-1\" d=\"m1186.54,1133.46c-1.97,7.85-5.08,14.73-13.56,20.68-10.23,7.17-23.06,9.73-37.97,9.45-17.31-.33-34.14-2.73-50.01-6.55-24.63-5.93-46.68-14.51-64.54-26.64-3.12-2.12-6.46-4.16-10.14-5.9-1.07-.51-4.41-.29-5.44.35-14.25,8.75-28.66,17.27-46.35,23.65-16.49,5.94-33.74,10.02-52.47,12.75-18.64,2.72-37.14,3.31-55.5,1.31-15.74-1.71-31.38-4.16-46.05-8.71-19.61-6.09-37.34-13.45-52.31-23.24-3.31-2.17-6.73-4.3-10.49-6.17-.91-.45-4-.18-4.98.42-14.28,8.73-28.61,17.28-46.35,23.65-16.51,5.92-33.74,10.01-52.47,12.76-18.64,2.73-37.14,3.27-55.51,1.33-21.44-2.26-42.42-6.01-60.65-13.81-5.35-2.29-11.3-4.13-16.23-6.7-10.64-5.56-20.88-11.4-31.09-17.25-2.34-1.34-3.73-1.48-6-.06-14.08,8.84-28.49,17.35-46.21,23.73-16.5,5.94-33.76,9.98-52.46,12.75-18.63,2.76-37.15,3.31-55.48,1.29-15.35-1.7-30.68-3.98-45.06-8.39-20.19-6.19-38.32-13.81-53.74-23.81-3.2-2.07-6.41-4.18-10.03-5.96-1-.49-4.25-.32-5.15.28-15.2,10.01-31.8,19.08-51.39,25.76-13.89,4.74-28.43,8.88-44.55,10.35-9.08.83-18.09,1.92-27.17,2.78-11.84,1.12-22.68-1.12-31.94-5.1-9.7-4.17-15.46-10.36-18.53-17.44-4.58-10.57.19-20,10.69-28.17,5.74-4.48,13.88-7.98,24.04-8.73,3-.22,5.99-.77,8.98-.75,12.83.08,24.47-2.64,35.64-5.9,11.8-3.44,21.24-8.96,30.17-14.67,11.98-7.66,20.83-16.61,29.35-25.78,7.48-8.05,19.12-13.65,34.97-14.15,7.54-.24,15.08.49,22.48,3.26,12.2,4.56,17.62,11.7,24.82,18.46,7.9,7.41,17.42,14.22,26.87,20.98,11.35,8.12,26.27,13.32,42.95,16.16,13.73,2.34,27.94,2.54,41.72-.64,3.69-.85,7.53-1.51,11.13-2.49,17.67-4.78,31.16-12.72,42.47-21.88,9.53-7.72,16.99-16.37,26.54-24.08,4.27-3.45,10.87-6.28,17.38-8.19,8.69-2.55,18.84-2.43,27.62-.37,6.68,1.57,13.41,4.51,17.75,7.94,9.67,7.64,17.59,16.07,26.71,23.98,8.12,7.03,18.13,13,29.87,17.91,12.97,5.43,27.09,8.8,42.91,9.28,17.94.55,33.91-2.81,48.85-8.72,14.8-5.85,25.97-13.8,36.32-22.19,5.26-4.26,9.37-9.07,13.59-13.77,7.92-8.82,19.34-14.93,36.26-15.61,7.5-.3,15.05.53,22.48,3.26,12.12,4.45,17.54,11.49,24.67,18.12,7.46,6.93,15.64,13.65,24.54,19.93,12.11,8.54,27.53,14.59,45.47,17.56,13.73,2.27,27.93,2.55,41.69-.76,3.67-.88,7.56-1.46,11.16-2.44,17.85-4.83,31.44-12.84,42.74-22.18,9.3-7.68,16.61-16.26,26.2-23.79,4.65-3.65,12.04-6.36,19.03-8.51,8-2.47,17.31-1.77,25.45-.15,6.16,1.23,12.34,3.71,16.7,6.62,5.85,3.91,10.34,8.64,14.74,13.25,7.68,8.03,16.96,15.22,27.63,21.89,12.06,7.53,26.33,12.74,42.59,16.06,3,.61,6.27.8,9.44,1.04,4.69.36,9.39.63,14.1.9,13.04.76,22.41,4.88,30.21,11.11,7.2,5.76,8.81,12.34,10.88,18.66Z\"><\/path><\/svg>\t\t\t\t<\/span>\n\t\t\t<\/div>\n\t\t\t\n\t\t\t\t\t\t<div class=\"elementor-icon-box-content\">\n\n\t\t\t\t\t\t\t\t\t<h3 class=\"elementor-icon-box-title\">\n\t\t\t\t\t\t<span  >\n\t\t\t\t\t\t\tIch bin hier im Urlaub\t\t\t\t\t\t<\/span>\n\t\t\t\t\t<\/h3>\n\t\t\t\t\n\t\t\t\t\t\t\t\t\t<p class=\"elementor-icon-box-description\">\n\t\t\t\t\t\tSind Sie im Urlaub und brauchen einen Hausarzt?\t\t\t\t\t<\/p>\n\t\t\t\t\n\t\t\t<\/div>\n\t\t\t\n\t\t<\/div>\n\t\t\t\t\t\t<\/div>\n\t\t\t\t<\/div>\n\t\t\t\t\t<\/div>\n\t\t<\/div>\n\t\t\t\t<div class=\"make-column-clickable-elementor elementor-column elementor-col-25 elementor-inner-column elementor-element elementor-element-b58cdc4\" style=\"cursor: pointer;\" data-column-clickable=\"https:\/\/medicoo.nl\/de\/ik-ben-hier-te-gast\/\" data-column-clickable-blank=\"_self\" data-id=\"b58cdc4\" data-element_type=\"column\" data-e-type=\"column\" data-settings=\"{&quot;background_background&quot;:&quot;classic&quot;}\">\n\t\t\t<div class=\"elementor-widget-wrap elementor-element-populated\">\n\t\t\t\t\t\t<div class=\"elementor-element elementor-element-1ff9294 elementor-view-default elementor-position-block-start elementor-mobile-position-block-start elementor-widget elementor-widget-icon-box\" data-id=\"1ff9294\" data-element_type=\"widget\" data-e-type=\"widget\" data-widget_type=\"icon-box.default\">\n\t\t\t\t<div class=\"elementor-widget-container\">\n\t\t\t\t\t\t\t<div class=\"elementor-icon-box-wrapper\">\n\n\t\t\t\t\t\t<div class=\"elementor-icon-box-icon\">\n\t\t\t\t<span  class=\"elementor-icon\">\n\t\t\t\t<i aria-hidden=\"true\" class=\"far fa-handshake\"><\/i>\t\t\t\t<\/span>\n\t\t\t<\/div>\n\t\t\t\n\t\t\t\t\t\t<div class=\"elementor-icon-box-content\">\n\n\t\t\t\t\t\t\t\t\t<h3 class=\"elementor-icon-box-title\">\n\t\t\t\t\t\t<span  >\n\t\t\t\t\t\t\tIch bin ein Gast hier (Fl\u00fcchtling)\t\t\t\t\t\t<\/span>\n\t\t\t\t\t<\/h3>\n\t\t\t\t\n\t\t\t\t\t\t\t\t\t<p class=\"elementor-icon-box-description\">\n\t\t\t\t\t\tSie halten sich vor\u00fcbergehend in den Niederlanden auf und ben\u00f6tigen einen Hausarzt?\t\t\t\t\t<\/p>\n\t\t\t\t\n\t\t\t<\/div>\n\t\t\t\n\t\t<\/div>\n\t\t\t\t\t\t<\/div>\n\t\t\t\t<\/div>\n\t\t\t\t\t<\/div>\n\t\t<\/div>\n\t\t\t\t<div class=\"make-column-clickable-elementor elementor-column elementor-col-25 elementor-inner-column elementor-element elementor-element-e252243\" style=\"cursor: pointer;\" data-column-clickable=\"https:\/\/medicoo.nl\/de\/ik-heb-geen-eigen-huisarts\/\" data-column-clickable-blank=\"_self\" data-id=\"e252243\" data-element_type=\"column\" data-e-type=\"column\" data-settings=\"{&quot;background_background&quot;:&quot;classic&quot;}\">\n\t\t\t<div class=\"elementor-widget-wrap elementor-element-populated\">\n\t\t\t\t\t\t<div class=\"elementor-element elementor-element-f360d81 elementor-view-default elementor-position-block-start elementor-mobile-position-block-start elementor-widget elementor-widget-icon-box\" data-id=\"f360d81\" data-element_type=\"widget\" data-e-type=\"widget\" data-widget_type=\"icon-box.default\">\n\t\t\t\t<div class=\"elementor-widget-container\">\n\t\t\t\t\t\t\t<div class=\"elementor-icon-box-wrapper\">\n\n\t\t\t\t\t\t<div class=\"elementor-icon-box-icon\">\n\t\t\t\t<span  class=\"elementor-icon\">\n\t\t\t\t<i aria-hidden=\"true\" class=\"far fa-comment-medical\"><\/i>\t\t\t\t<\/span>\n\t\t\t<\/div>\n\t\t\t\n\t\t\t\t\t\t<div class=\"elementor-icon-box-content\">\n\n\t\t\t\t\t\t\t\t\t<h3 class=\"elementor-icon-box-title\">\n\t\t\t\t\t\t<span  >\n\t\t\t\t\t\t\tIch habe keinen eigenen Hausarzt\t\t\t\t\t\t<\/span>\n\t\t\t\t\t<\/h3>\n\t\t\t\t\n\t\t\t\t\t\t\t\t\t<p class=\"elementor-icon-box-description\">\n\t\t\t\t\t\tSie haben keinen eigenen Hausarzt, aber eine Frage zur Gesundheit?\t\t\t\t\t<\/p>\n\t\t\t\t\n\t\t\t<\/div>\n\t\t\t\n\t\t<\/div>\n\t\t\t\t\t\t<\/div>\n\t\t\t\t<\/div>\n\t\t\t\t\t<\/div>\n\t\t<\/div>\n\t\t\t\t\t<\/div>\n\t\t<\/section>\n\t\t\t\t\t<\/div>\n\t\t<\/div>\n\t\t\t\t\t<\/div>\n\t\t<\/section>\n\t\t\t\t<\/div>","protected":false},"excerpt":{"rendered":"<p>Ik ben pati\u00ebnt Met Medicoo heb je altijd een digitale huisarts bij de hand. Je ontvangt makkelijk en snel een persoonlijk advies van ons medisch team. Ideaal voor al je gezondheidsvragen of als je twijfelt\u00a0of je naar de huisarts moet.\u00a0Wij werken nauw samen met je eigen huisarts of de huisarts op jouw locatie.\u00a0Ons medisch team [&hellip;]<\/p>\n","protected":false},"author":2,"featured_media":0,"parent":0,"menu_order":0,"comment_status":"closed","ping_status":"closed","template":"elementor_header_footer","meta":{"footnotes":""},"class_list":["post-305","page","type-page","status-publish","hentry"],"_links":{"self":[{"href":"https:\/\/medicoo.nl\/de\/wp-json\/wp\/v2\/pages\/305","targetHints":{"allow":["GET"]}}],"collection":[{"href":"https:\/\/medicoo.nl\/de\/wp-json\/wp\/v2\/pages"}],"about":[{"href":"https:\/\/medicoo.nl\/de\/wp-json\/wp\/v2\/types\/page"}],"author":[{"embeddable":true,"href":"https:\/\/medicoo.nl\/de\/wp-json\/wp\/v2\/users\/2"}],"replies":[{"embeddable":true,"href":"https:\/\/medicoo.nl\/de\/wp-json\/wp\/v2\/comments?post=305"}],"version-history":[{"count":153,"href":"https:\/\/medicoo.nl\/de\/wp-json\/wp\/v2\/pages\/305\/revisions"}],"predecessor-version":[{"id":3215,"href":"https:\/\/medicoo.nl\/de\/wp-json\/wp\/v2\/pages\/305\/revisions\/3215"}],"wp:attachment":[{"href":"https:\/\/medicoo.nl\/de\/wp-json\/wp\/v2\/media?parent=305"}],"curies":[{"name":"wp","href":"https:\/\/api.w.org\/{rel}","templated":true}]}}