{"id":986,"date":"2023-04-24T09:12:28","date_gmt":"2023-04-24T09:12:28","guid":{"rendered":"https:\/\/medicoo.nl\/?page_id=986"},"modified":"2023-07-18T11:50:56","modified_gmt":"2023-07-18T09:50:56","slug":"ik-ben-hier-te-gast","status":"publish","type":"page","link":"https:\/\/medicoo.nl\/de\/ik-ben-hier-te-gast\/","title":{"rendered":"Ich bin ein Gast hier"},"content":{"rendered":"<div data-elementor-type=\"wp-page\" data-elementor-id=\"986\" class=\"elementor elementor-986\" data-elementor-post-type=\"page\">\n\t\t\t\t\t\t<section class=\"elementor-section elementor-top-section elementor-element elementor-element-16d921e elementor-section-boxed elementor-section-height-default elementor-section-height-default\" data-id=\"16d921e\" data-element_type=\"section\" data-e-type=\"section\" data-settings=\"{&quot;background_background&quot;:&quot;classic&quot;}\">\n\t\t\t\t\t\t<div class=\"elementor-container elementor-column-gap-default\">\n\t\t\t\t\t<div class=\"elementor-column elementor-col-100 elementor-top-column elementor-element elementor-element-19bfd51\" data-id=\"19bfd51\" data-element_type=\"column\" data-e-type=\"column\">\n\t\t\t<div class=\"elementor-widget-wrap elementor-element-populated\">\n\t\t\t\t\t\t<div class=\"elementor-element elementor-element-85333ac elementor-widget elementor-widget-heading\" data-id=\"85333ac\" data-element_type=\"widget\" data-e-type=\"widget\" data-widget_type=\"heading.default\">\n\t\t\t\t<div class=\"elementor-widget-container\">\n\t\t\t\t\t<h1 class=\"elementor-heading-title elementor-size-default\">Ich bin ein <span style=\"color:#2ED9C3\">Gast hier<\/span><\/h1>\t\t\t\t<\/div>\n\t\t\t\t<\/div>\n\t\t\t\t<section class=\"elementor-section elementor-inner-section elementor-element elementor-element-96f2cf2 elementor-reverse-mobile elementor-section-boxed elementor-section-height-default elementor-section-height-default\" data-id=\"96f2cf2\" data-element_type=\"section\" data-e-type=\"section\">\n\t\t\t\t\t\t<div class=\"elementor-container elementor-column-gap-default\">\n\t\t\t\t\t<div class=\"elementor-column elementor-col-50 elementor-inner-column elementor-element elementor-element-b57fe87\" data-id=\"b57fe87\" data-element_type=\"column\" data-e-type=\"column\">\n\t\t\t<div class=\"elementor-widget-wrap elementor-element-populated\">\n\t\t\t\t\t\t<div class=\"elementor-element elementor-element-63aebac elementor-widget elementor-widget-text-editor\" data-id=\"63aebac\" data-element_type=\"widget\" data-e-type=\"widget\" data-widget_type=\"text-editor.default\">\n\t\t\t\t<div class=\"elementor-widget-container\">\n\t\t\t\t\t\t\t\t\t<p>Wohnen Sie vor\u00fcbergehend in den Niederlanden und ist Medicoo an Ihrem Wohnsitz verf\u00fcgbar? Dann haben Sie mit Medicoo immer einen digitalen Hausarzt in Ihrer N\u00e4he. Sie erhalten schnell und einfach eine pers\u00f6nliche Beratung durch unser medizinisches Team, in Ihrer eigenen Sprache. Ideal, wenn Sie nicht sicher sind, ob Sie einen Arzt aufsuchen sollten, bei einfachen Gesundheitsfragen oder wenn ein Besuch in der Arztpraxis nicht unbedingt notwendig ist.<\/p>\t\t\t\t\t\t\t\t<\/div>\n\t\t\t\t<\/div>\n\t\t\t\t<div class=\"elementor-element elementor-element-70f0209 elementor-widget elementor-widget-text-editor\" data-id=\"70f0209\" data-element_type=\"widget\" data-e-type=\"widget\" data-widget_type=\"text-editor.default\">\n\t\t\t\t<div class=\"elementor-widget-container\">\n\t\t\t\t\t\t\t\t\t<p>Sie k\u00f6nnen im Chat auch ein Bild Ihrer Beschwerde anh\u00e4ngen. Falls erforderlich, werden wir Sie an einen Hausarzt in Ihrer N\u00e4he verweisen. Dieser erh\u00e4lt dann eine \u00dcberweisung von uns. <strong>In lebensbedrohlichen Situationen sollten Sie nicht Medicoo benutzen, sondern sofort 112 anrufen.<\/strong><\/p>\t\t\t\t\t\t\t\t<\/div>\n\t\t\t\t<\/div>\n\t\t\t\t\t<\/div>\n\t\t<\/div>\n\t\t\t\t<div class=\"elementor-column elementor-col-50 elementor-inner-column elementor-element elementor-element-bddb50b\" data-id=\"bddb50b\" data-element_type=\"column\" data-e-type=\"column\">\n\t\t\t<div class=\"elementor-widget-wrap elementor-element-populated\">\n\t\t\t\t\t\t<div class=\"elementor-element elementor-element-1ccf8f0 elementor-widget elementor-widget-image\" data-id=\"1ccf8f0\" data-element_type=\"widget\" data-e-type=\"widget\" data-widget_type=\"image.default\">\n\t\t\t\t<div class=\"elementor-widget-container\">\n\t\t\t\t\t\t\t\t\t\t\t\t\t\t\t<img fetchpriority=\"high\" decoding=\"async\" width=\"800\" height=\"534\" src=\"https:\/\/medicoo.nl\/wp-content\/uploads\/2023\/05\/Ik-ben-hier-te-gast-header-1024x683.jpg\" class=\"attachment-large size-large wp-image-1426\" alt=\"\" srcset=\"https:\/\/medicoo.nl\/wp-content\/uploads\/2023\/05\/Ik-ben-hier-te-gast-header-1024x683.jpg 1024w, https:\/\/medicoo.nl\/wp-content\/uploads\/2023\/05\/Ik-ben-hier-te-gast-header-300x200.jpg 300w, https:\/\/medicoo.nl\/wp-content\/uploads\/2023\/05\/Ik-ben-hier-te-gast-header-768x512.jpg 768w, https:\/\/medicoo.nl\/wp-content\/uploads\/2023\/05\/Ik-ben-hier-te-gast-header-18x12.jpg 18w, https:\/\/medicoo.nl\/wp-content\/uploads\/2023\/05\/Ik-ben-hier-te-gast-header.jpg 1200w\" sizes=\"(max-width: 800px) 100vw, 800px\" \/>\t\t\t\t\t\t\t\t\t\t\t\t\t\t\t<\/div>\n\t\t\t\t<\/div>\n\t\t\t\t<div class=\"elementor-element elementor-element-34398c0 elementor-widget__width-auto elementor-widget-mobile__width-inherit elementor-widget elementor-widget-image\" data-id=\"34398c0\" data-element_type=\"widget\" data-e-type=\"widget\" data-widget_type=\"image.default\">\n\t\t\t\t<div class=\"elementor-widget-container\">\n\t\t\t\t\t\t\t\t\t\t\t\t\t\t\t\t<a href=\"https:\/\/apps.apple.com\/nl\/app\/medicoo\/id1503699918\" target=\"_blank\">\n\t\t\t\t\t\t\t<img decoding=\"async\" width=\"500\" height=\"148\" src=\"https:\/\/medicoo.nl\/wp-content\/uploads\/2023\/04\/appstore-badge.png\" class=\"elementor-animation-grow attachment-large size-large wp-image-2412\" alt=\"\" srcset=\"https:\/\/medicoo.nl\/wp-content\/uploads\/2023\/04\/appstore-badge.png 500w, https:\/\/medicoo.nl\/wp-content\/uploads\/2023\/04\/appstore-badge-300x89.png 300w, https:\/\/medicoo.nl\/wp-content\/uploads\/2023\/04\/appstore-badge-18x5.png 18w\" sizes=\"(max-width: 500px) 100vw, 500px\" \/>\t\t\t\t\t\t\t\t<\/a>\n\t\t\t\t\t\t\t\t\t\t\t\t\t\t\t<\/div>\n\t\t\t\t<\/div>\n\t\t\t\t<div class=\"elementor-element elementor-element-2fb88ed elementor-widget__width-auto elementor-widget-mobile__width-inherit elementor-widget elementor-widget-image\" data-id=\"2fb88ed\" data-element_type=\"widget\" data-e-type=\"widget\" data-widget_type=\"image.default\">\n\t\t\t\t<div class=\"elementor-widget-container\">\n\t\t\t\t\t\t\t\t\t\t\t\t\t\t\t\t<a href=\"https:\/\/play.google.com\/store\/apps\/details?id=nl.medicinfo.noni\" target=\"_blank\">\n\t\t\t\t\t\t\t<img decoding=\"async\" width=\"500\" height=\"150\" src=\"https:\/\/medicoo.nl\/wp-content\/uploads\/2023\/04\/google-play-badge.png\" class=\"elementor-animation-grow attachment-large size-large wp-image-2413\" alt=\"\" srcset=\"https:\/\/medicoo.nl\/wp-content\/uploads\/2023\/04\/google-play-badge.png 500w, https:\/\/medicoo.nl\/wp-content\/uploads\/2023\/04\/google-play-badge-300x90.png 300w, https:\/\/medicoo.nl\/wp-content\/uploads\/2023\/04\/google-play-badge-18x5.png 18w\" sizes=\"(max-width: 500px) 100vw, 500px\" \/>\t\t\t\t\t\t\t\t<\/a>\n\t\t\t\t\t\t\t\t\t\t\t\t\t\t\t<\/div>\n\t\t\t\t<\/div>\n\t\t\t\t\t<\/div>\n\t\t<\/div>\n\t\t\t\t\t<\/div>\n\t\t<\/section>\n\t\t\t\t\t<\/div>\n\t\t<\/div>\n\t\t\t\t\t<\/div>\n\t\t<\/section>\n\t\t\t\t<section class=\"elementor-section elementor-top-section elementor-element elementor-element-654b4a4 elementor-section-full_width elementor-section-height-default elementor-section-height-default\" data-id=\"654b4a4\" data-element_type=\"section\" data-e-type=\"section\">\n\t\t\t\t\t\t<div class=\"elementor-container elementor-column-gap-no\">\n\t\t\t\t\t<div class=\"elementor-column elementor-col-100 elementor-top-column elementor-element elementor-element-58eb915\" data-id=\"58eb915\" data-element_type=\"column\" data-e-type=\"column\" data-settings=\"{&quot;background_background&quot;:&quot;classic&quot;}\">\n\t\t\t<div class=\"elementor-widget-wrap elementor-element-populated\">\n\t\t\t\t\t\t<section class=\"elementor-section elementor-inner-section elementor-element elementor-element-d8248eb elementor-reverse-mobile elementor-section-boxed elementor-section-height-default elementor-section-height-default\" data-id=\"d8248eb\" data-element_type=\"section\" data-e-type=\"section\" data-settings=\"{&quot;background_background&quot;:&quot;classic&quot;}\">\n\t\t\t\t\t\t<div class=\"elementor-container elementor-column-gap-default\">\n\t\t\t\t\t<div class=\"elementor-column elementor-col-50 elementor-inner-column elementor-element elementor-element-645096b\" data-id=\"645096b\" data-element_type=\"column\" data-e-type=\"column\">\n\t\t\t<div class=\"elementor-widget-wrap elementor-element-populated\">\n\t\t\t\t\t\t<div class=\"elementor-element elementor-element-9e41f06 elementor-widget elementor-widget-image\" data-id=\"9e41f06\" data-element_type=\"widget\" data-e-type=\"widget\" data-widget_type=\"image.default\">\n\t\t\t\t<div class=\"elementor-widget-container\">\n\t\t\t\t\t\t\t\t\t\t\t\t\t\t\t<img loading=\"lazy\" decoding=\"async\" width=\"237\" height=\"469\" src=\"https:\/\/medicoo.nl\/wp-content\/uploads\/2023\/04\/Iphone.png\" class=\"attachment-large size-large wp-image-408\" alt=\"\" srcset=\"https:\/\/medicoo.nl\/wp-content\/uploads\/2023\/04\/Iphone.png 237w, https:\/\/medicoo.nl\/wp-content\/uploads\/2023\/04\/Iphone-152x300.png 152w, https:\/\/medicoo.nl\/wp-content\/uploads\/2023\/04\/Iphone-6x12.png 6w\" sizes=\"(max-width: 237px) 100vw, 237px\" \/>\t\t\t\t\t\t\t\t\t\t\t\t\t\t\t<\/div>\n\t\t\t\t<\/div>\n\t\t\t\t\t<\/div>\n\t\t<\/div>\n\t\t\t\t<div class=\"elementor-column elementor-col-50 elementor-inner-column elementor-element elementor-element-e08ed5a\" data-id=\"e08ed5a\" data-element_type=\"column\" data-e-type=\"column\">\n\t\t\t<div class=\"elementor-widget-wrap elementor-element-populated\">\n\t\t\t\t\t\t<div class=\"elementor-element elementor-element-484abbf elementor-widget elementor-widget-heading\" data-id=\"484abbf\" data-element_type=\"widget\" data-e-type=\"widget\" data-widget_type=\"heading.default\">\n\t\t\t\t<div class=\"elementor-widget-container\">\n\t\t\t\t\t<h2 class=\"elementor-heading-title elementor-size-default\">Verfahren der Registrierung<\/h2>\t\t\t\t<\/div>\n\t\t\t\t<\/div>\n\t\t\t\t<div class=\"elementor-element elementor-element-a563c77 elementor-icon-list--layout-traditional elementor-list-item-link-full_width elementor-widget elementor-widget-icon-list\" data-id=\"a563c77\" data-element_type=\"widget\" data-e-type=\"widget\" data-widget_type=\"icon-list.default\">\n\t\t\t\t<div class=\"elementor-widget-container\">\n\t\t\t\t\t\t\t<ul class=\"elementor-icon-list-items\">\n\t\t\t\t\t\t\t<li class=\"elementor-icon-list-item\">\n\t\t\t\t\t\t\t\t\t\t\t<span class=\"elementor-icon-list-icon\">\n\t\t\t\t\t\t\t<i aria-hidden=\"true\" class=\"far fa-download\"><\/i>\t\t\t\t\t\t<\/span>\n\t\t\t\t\t\t\t\t\t\t<span class=\"elementor-icon-list-text\">1. Laden Sie die Medicoo-App herunter<\/span>\n\t\t\t\t\t\t\t\t\t<\/li>\n\t\t\t\t\t\t\t\t<li class=\"elementor-icon-list-item\">\n\t\t\t\t\t\t\t\t\t\t\t<span class=\"elementor-icon-list-icon\">\n\t\t\t\t\t\t\t<i aria-hidden=\"true\" class=\"far fa-check-square\"><\/i>\t\t\t\t\t\t<\/span>\n\t\t\t\t\t\t\t\t\t\t<span class=\"elementor-icon-list-text\">2. Befolgen Sie diese Schritte<\/span>\n\t\t\t\t\t\t\t\t\t<\/li>\n\t\t\t\t\t\t<\/ul>\n\t\t\t\t\t\t<\/div>\n\t\t\t\t<\/div>\n\t\t\t\t<div class=\"elementor-element elementor-element-20a2d07 elementor-widget elementor-widget-text-editor\" data-id=\"20a2d07\" data-element_type=\"widget\" data-e-type=\"widget\" data-widget_type=\"text-editor.default\">\n\t\t\t\t<div class=\"elementor-widget-container\">\n\t\t\t\t\t\t\t\t\t<ol type=\"a\"><li>W\u00e4hlen Sie Ihre Sprache<\/li><li>W\u00e4hlen Sie die Option: Ich bin ein Fl\u00fcchtling aus der Ukraine<\/li><li>W\u00e4hlen Sie den Ort Ihres derzeitigen Wohnsitzes.<\/li><li>Registrieren Sie sich und geben Sie Ihren BSN ein. Wenn Sie keinen BSN haben, geben Sie ein: 123456789.<\/li><\/ol>\t\t\t\t\t\t\t\t<\/div>\n\t\t\t\t<\/div>\n\t\t\t\t<div class=\"elementor-element elementor-element-4eba7b5 elementor-icon-list--layout-traditional elementor-list-item-link-full_width elementor-widget elementor-widget-icon-list\" data-id=\"4eba7b5\" data-element_type=\"widget\" data-e-type=\"widget\" data-widget_type=\"icon-list.default\">\n\t\t\t\t<div class=\"elementor-widget-container\">\n\t\t\t\t\t\t\t<ul class=\"elementor-icon-list-items\">\n\t\t\t\t\t\t\t<li class=\"elementor-icon-list-item\">\n\t\t\t\t\t\t\t\t\t\t\t<span class=\"elementor-icon-list-icon\">\n\t\t\t\t\t\t\t<i aria-hidden=\"true\" class=\"far fa-pen\"><\/i>\t\t\t\t\t\t<\/span>\n\t\t\t\t\t\t\t\t\t\t<span class=\"elementor-icon-list-text\">3. Stellen Sie Ihre Frage per Chat. Sie erhalten sofort eine pers\u00f6nliche Beratung <\/span>\n\t\t\t\t\t\t\t\t\t<\/li>\n\t\t\t\t\t\t<\/ul>\n\t\t\t\t\t\t<\/div>\n\t\t\t\t<\/div>\n\t\t\t\t<div class=\"elementor-element elementor-element-413868d elementor-widget__width-auto elementor-widget-mobile__width-inherit elementor-widget elementor-widget-image\" data-id=\"413868d\" data-element_type=\"widget\" data-e-type=\"widget\" data-widget_type=\"image.default\">\n\t\t\t\t<div class=\"elementor-widget-container\">\n\t\t\t\t\t\t\t\t\t\t\t\t\t\t\t\t<a href=\"https:\/\/apps.apple.com\/nl\/app\/medicoo\/id1503699918\" target=\"_blank\">\n\t\t\t\t\t\t\t<img decoding=\"async\" width=\"500\" height=\"148\" src=\"https:\/\/medicoo.nl\/wp-content\/uploads\/2023\/04\/appstore-badge.png\" class=\"elementor-animation-grow attachment-large size-large wp-image-2412\" alt=\"\" srcset=\"https:\/\/medicoo.nl\/wp-content\/uploads\/2023\/04\/appstore-badge.png 500w, https:\/\/medicoo.nl\/wp-content\/uploads\/2023\/04\/appstore-badge-300x89.png 300w, https:\/\/medicoo.nl\/wp-content\/uploads\/2023\/04\/appstore-badge-18x5.png 18w\" sizes=\"(max-width: 500px) 100vw, 500px\" \/>\t\t\t\t\t\t\t\t<\/a>\n\t\t\t\t\t\t\t\t\t\t\t\t\t\t\t<\/div>\n\t\t\t\t<\/div>\n\t\t\t\t<div class=\"elementor-element elementor-element-fcaa21c elementor-widget__width-auto elementor-widget-mobile__width-inherit elementor-widget elementor-widget-image\" data-id=\"fcaa21c\" data-element_type=\"widget\" data-e-type=\"widget\" data-widget_type=\"image.default\">\n\t\t\t\t<div class=\"elementor-widget-container\">\n\t\t\t\t\t\t\t\t\t\t\t\t\t\t\t\t<a href=\"https:\/\/play.google.com\/store\/apps\/details?id=nl.medicinfo.noni\" target=\"_blank\">\n\t\t\t\t\t\t\t<img decoding=\"async\" width=\"500\" height=\"150\" src=\"https:\/\/medicoo.nl\/wp-content\/uploads\/2023\/04\/google-play-badge.png\" class=\"elementor-animation-grow attachment-large size-large wp-image-2413\" alt=\"\" srcset=\"https:\/\/medicoo.nl\/wp-content\/uploads\/2023\/04\/google-play-badge.png 500w, https:\/\/medicoo.nl\/wp-content\/uploads\/2023\/04\/google-play-badge-300x90.png 300w, https:\/\/medicoo.nl\/wp-content\/uploads\/2023\/04\/google-play-badge-18x5.png 18w\" sizes=\"(max-width: 500px) 100vw, 500px\" \/>\t\t\t\t\t\t\t\t<\/a>\n\t\t\t\t\t\t\t\t\t\t\t\t\t\t\t<\/div>\n\t\t\t\t<\/div>\n\t\t\t\t\t<\/div>\n\t\t<\/div>\n\t\t\t\t\t<\/div>\n\t\t<\/section>\n\t\t\t\t\t<\/div>\n\t\t<\/div>\n\t\t\t\t\t<\/div>\n\t\t<\/section>\n\t\t\t\t<section class=\"elementor-section elementor-top-section elementor-element elementor-element-a4cdc15 elementor-section-boxed elementor-section-height-default elementor-section-height-default\" data-id=\"a4cdc15\" data-element_type=\"section\" data-e-type=\"section\" data-settings=\"{&quot;background_background&quot;:&quot;classic&quot;}\">\n\t\t\t\t\t\t<div class=\"elementor-container elementor-column-gap-default\">\n\t\t\t\t\t<div class=\"elementor-column elementor-col-100 elementor-top-column elementor-element elementor-element-ecff5c0\" data-id=\"ecff5c0\" data-element_type=\"column\" data-e-type=\"column\">\n\t\t\t<div class=\"elementor-widget-wrap elementor-element-populated\">\n\t\t\t\t\t\t<div class=\"elementor-element elementor-element-20d535f elementor-widget elementor-widget-text-editor\" data-id=\"20d535f\" data-element_type=\"widget\" data-e-type=\"widget\" data-widget_type=\"text-editor.default\">\n\t\t\t\t<div class=\"elementor-widget-container\">\n\t\t\t\t\t\t\t\t\t<p>Unser medizinisches Team steht Ihnen zur Verf\u00fcgung. \u00dcber Chat und Videoanrufe. <br \/>Tags\u00fcber, abends und am Wochenende.<\/p>\t\t\t\t\t\t\t\t<\/div>\n\t\t\t\t<\/div>\n\t\t\t\t\t<\/div>\n\t\t<\/div>\n\t\t\t\t\t<\/div>\n\t\t<\/section>\n\t\t\t\t<section class=\"elementor-section elementor-top-section elementor-element elementor-element-3453d29 elementor-section-boxed elementor-section-height-default elementor-section-height-default\" data-id=\"3453d29\" data-element_type=\"section\" data-e-type=\"section\">\n\t\t\t\t\t\t<div class=\"elementor-container elementor-column-gap-default\">\n\t\t\t\t\t<div class=\"elementor-column elementor-col-100 elementor-top-column elementor-element elementor-element-5b6dca4\" data-id=\"5b6dca4\" data-element_type=\"column\" data-e-type=\"column\">\n\t\t\t<div class=\"elementor-widget-wrap elementor-element-populated\">\n\t\t\t\t\t\t<div class=\"elementor-element elementor-element-a7a6174 elementor-widget elementor-widget-video\" data-id=\"a7a6174\" data-element_type=\"widget\" data-e-type=\"widget\" data-settings=\"{&quot;youtube_url&quot;:&quot;https:\\\/\\\/youtu.be\\\/sbWI7xHFKOg&quot;,&quot;video_type&quot;:&quot;youtube&quot;,&quot;controls&quot;:&quot;yes&quot;}\" data-widget_type=\"video.default\">\n\t\t\t\t<div class=\"elementor-widget-container\">\n\t\t\t\t\t\t\t<div class=\"elementor-wrapper elementor-open-inline\">\n\t\t\t<div class=\"elementor-video\"><\/div>\t\t<\/div>\n\t\t\t\t\t\t<\/div>\n\t\t\t\t<\/div>\n\t\t\t\t\t<\/div>\n\t\t<\/div>\n\t\t\t\t\t<\/div>\n\t\t<\/section>\n\t\t\t\t<section class=\"elementor-section elementor-top-section elementor-element elementor-element-823919c elementor-section-boxed elementor-section-height-default elementor-section-height-default\" data-id=\"823919c\" data-element_type=\"section\" data-e-type=\"section\">\n\t\t\t\t\t\t<div class=\"elementor-container elementor-column-gap-default\">\n\t\t\t\t\t<div class=\"elementor-column elementor-col-100 elementor-top-column elementor-element elementor-element-0564ac7\" data-id=\"0564ac7\" data-element_type=\"column\" data-e-type=\"column\">\n\t\t\t<div class=\"elementor-widget-wrap elementor-element-populated\">\n\t\t\t\t\t\t<div class=\"elementor-element elementor-element-f1122f5 elementor-widget elementor-widget-heading\" data-id=\"f1122f5\" data-element_type=\"widget\" data-e-type=\"widget\" data-widget_type=\"heading.default\">\n\t\t\t\t<div class=\"elementor-widget-container\">\n\t\t\t\t\t<h2 class=\"elementor-heading-title elementor-size-default\">Die Vorteile von Medicoo<\/h2>\t\t\t\t<\/div>\n\t\t\t\t<\/div>\n\t\t\t\t<div class=\"elementor-element elementor-element-5b66646 elementor-align-start elementor-icon-list--layout-traditional elementor-list-item-link-full_width elementor-widget elementor-widget-icon-list\" data-id=\"5b66646\" data-element_type=\"widget\" data-e-type=\"widget\" data-widget_type=\"icon-list.default\">\n\t\t\t\t<div class=\"elementor-widget-container\">\n\t\t\t\t\t\t\t<ul class=\"elementor-icon-list-items\">\n\t\t\t\t\t\t\t<li class=\"elementor-icon-list-item\">\n\t\t\t\t\t\t\t\t\t\t\t<span class=\"elementor-icon-list-icon\">\n\t\t\t\t\t\t\t<i aria-hidden=\"true\" class=\"far fa-check-circle\"><\/i>\t\t\t\t\t\t<\/span>\n\t\t\t\t\t\t\t\t\t\t<span class=\"elementor-icon-list-text\">Schnelle und pers\u00f6nliche Beratung durch unser medizinisches Team <\/span>\n\t\t\t\t\t\t\t\t\t<\/li>\n\t\t\t\t\t\t\t\t<li class=\"elementor-icon-list-item\">\n\t\t\t\t\t\t\t\t\t\t\t<span class=\"elementor-icon-list-icon\">\n\t\t\t\t\t\t\t<i aria-hidden=\"true\" class=\"far fa-check-circle\"><\/i>\t\t\t\t\t\t<\/span>\n\t\t\t\t\t\t\t\t\t\t<span class=\"elementor-icon-list-text\">Kein Warten mehr am Telefon oder im Wartezimmer<\/span>\n\t\t\t\t\t\t\t\t\t<\/li>\n\t\t\t\t\t\t\t\t<li class=\"elementor-icon-list-item\">\n\t\t\t\t\t\t\t\t\t\t\t<span class=\"elementor-icon-list-icon\">\n\t\t\t\t\t\t\t<i aria-hidden=\"true\" class=\"far fa-check-circle\"><\/i>\t\t\t\t\t\t<\/span>\n\t\t\t\t\t\t\t\t\t\t<span class=\"elementor-icon-list-text\">Chatten Sie in Ihrer eigenen Sprache<\/span>\n\t\t\t\t\t\t\t\t\t<\/li>\n\t\t\t\t\t\t\t\t<li class=\"elementor-icon-list-item\">\n\t\t\t\t\t\t\t\t\t\t\t<span class=\"elementor-icon-list-icon\">\n\t\t\t\t\t\t\t<i aria-hidden=\"true\" class=\"far fa-check-circle\"><\/i>\t\t\t\t\t\t<\/span>\n\t\t\t\t\t\t\t\t\t\t<span class=\"elementor-icon-list-text\">Bei Bedarf eine Videosprechstunde mit einem Hausarzt<\/span>\n\t\t\t\t\t\t\t\t\t<\/li>\n\t\t\t\t\t\t\t\t<li class=\"elementor-icon-list-item\">\n\t\t\t\t\t\t\t\t\t\t\t<span class=\"elementor-icon-list-icon\">\n\t\t\t\t\t\t\t<i aria-hidden=\"true\" class=\"far fa-check-circle\"><\/i>\t\t\t\t\t\t<\/span>\n\t\t\t\t\t\t\t\t\t\t<span class=\"elementor-icon-list-text\">Auch abends und an den Wochenenden verf\u00fcgbar<\/span>\n\t\t\t\t\t\t\t\t\t<\/li>\n\t\t\t\t\t\t<\/ul>\n\t\t\t\t\t\t<\/div>\n\t\t\t\t<\/div>\n\t\t\t\t\t<\/div>\n\t\t<\/div>\n\t\t\t\t\t<\/div>\n\t\t<\/section>\n\t\t\t\t<\/div>","protected":false},"excerpt":{"rendered":"<p>Ik ben hier te gast Woon je tijdelijk in Nederland en is Medicoo in jouw verblijfplaats beschikbaar? Dan heb je met Medicoo altijd een digitale huisarts bij de hand. Je ontvangt makkelijk en snel een persoonlijk advies van ons medisch team, in je eigen taal. Ideaal als je twijfelt of je naar de huisarts moet, [&hellip;]<\/p>\n","protected":false},"author":2,"featured_media":0,"parent":0,"menu_order":0,"comment_status":"closed","ping_status":"closed","template":"elementor_header_footer","meta":{"footnotes":""},"class_list":["post-986","page","type-page","status-publish","hentry"],"_links":{"self":[{"href":"https:\/\/medicoo.nl\/de\/wp-json\/wp\/v2\/pages\/986","targetHints":{"allow":["GET"]}}],"collection":[{"href":"https:\/\/medicoo.nl\/de\/wp-json\/wp\/v2\/pages"}],"about":[{"href":"https:\/\/medicoo.nl\/de\/wp-json\/wp\/v2\/types\/page"}],"author":[{"embeddable":true,"href":"https:\/\/medicoo.nl\/de\/wp-json\/wp\/v2\/users\/2"}],"replies":[{"embeddable":true,"href":"https:\/\/medicoo.nl\/de\/wp-json\/wp\/v2\/comments?post=986"}],"version-history":[{"count":90,"href":"https:\/\/medicoo.nl\/de\/wp-json\/wp\/v2\/pages\/986\/revisions"}],"predecessor-version":[{"id":3206,"href":"https:\/\/medicoo.nl\/de\/wp-json\/wp\/v2\/pages\/986\/revisions\/3206"}],"wp:attachment":[{"href":"https:\/\/medicoo.nl\/de\/wp-json\/wp\/v2\/media?parent=986"}],"curies":[{"name":"wp","href":"https:\/\/api.w.org\/{rel}","templated":true}]}}